{"id":1684,"date":"2020-09-05T23:58:30","date_gmt":"2020-09-05T21:58:30","guid":{"rendered":"http:\/\/www.scout41.eu\/hp\/?page_id=1684"},"modified":"2021-03-18T12:50:30","modified_gmt":"2021-03-18T11:50:30","slug":"wir","status":"publish","type":"page","link":"https:\/\/www.scout41.eu\/hp\/?page_id=1684","title":{"rendered":"WIR PFADFINDER"},"content":{"rendered":"\t\t<div data-elementor-type=\"wp-page\" data-elementor-id=\"1684\" class=\"elementor elementor-1684\">\n\t\t\t\t\t\t<section class=\"elementor-section elementor-top-section elementor-element elementor-element-45db8de elementor-section-boxed elementor-section-height-default elementor-section-height-default\" data-id=\"45db8de\" data-element_type=\"section\">\n\t\t\t\t\t\t<div class=\"elementor-container elementor-column-gap-default\">\n\t\t\t\t\t<div class=\"elementor-column elementor-col-50 elementor-top-column elementor-element elementor-element-28a1139\" data-id=\"28a1139\" data-element_type=\"column\">\n\t\t\t<div class=\"elementor-widget-wrap elementor-element-populated\">\n\t\t\t\t\t\t<div class=\"elementor-element elementor-element-ccbf2cf elementor-widget elementor-widget-image\" data-id=\"ccbf2cf\" data-element_type=\"widget\" data-widget_type=\"image.default\">\n\t\t\t\t<div class=\"elementor-widget-container\">\n\t\t\t\t\t\t\t\t\t\t\t\t\t\t<a href=\"https:\/\/www.scout.org\/\" target=\"_blank\">\n\t\t\t\t\t\t\t<img fetchpriority=\"high\" decoding=\"async\" width=\"283\" height=\"283\" src=\"https:\/\/www.scout41.eu\/hp\/wp-content\/uploads\/2020\/09\/wosm_emblem_col.jpg\" class=\"attachment-large size-large wp-image-1697\" alt=\"\" srcset=\"https:\/\/www.scout41.eu\/hp\/wp-content\/uploads\/2020\/09\/wosm_emblem_col.jpg 283w, https:\/\/www.scout41.eu\/hp\/wp-content\/uploads\/2020\/09\/wosm_emblem_col-150x150.jpg 150w\" sizes=\"(max-width: 283px) 100vw, 283px\" \/>\t\t\t\t\t\t\t\t<\/a>\n\t\t\t\t\t\t\t\t\t\t\t\t\t<\/div>\n\t\t\t\t<\/div>\n\t\t\t\t\t<\/div>\n\t\t<\/div>\n\t\t\t\t<div class=\"elementor-column elementor-col-50 elementor-top-column elementor-element elementor-element-6bde080\" data-id=\"6bde080\" data-element_type=\"column\">\n\t\t\t<div class=\"elementor-widget-wrap elementor-element-populated\">\n\t\t\t\t\t\t<div class=\"elementor-element elementor-element-48e1833 elementor-widget elementor-widget-text-editor\" data-id=\"48e1833\" data-element_type=\"widget\" data-widget_type=\"text-editor.default\">\n\t\t\t\t<div class=\"elementor-widget-container\">\n\t\t\t\t\t\t\t<b>Wir Pfadfinder<\/b> sind Angeh\u00f6rige der Pfadfinderbewegung, einer internationalen, religi\u00f6s und politisch unabh\u00e4ngigen Erziehungsbewegung f\u00fcr Kinder und Jugendliche, die nach der Pfadfindermethode arbeitet und Menschen aller Nationalit\u00e4ten und Glaubensrichtungen offen steht. Ziel der Bewegung ist die F\u00f6rderung der Entwicklung junger Menschen, damit diese in der Gesellschaft Verantwortung \u00fcbernehmen k\u00f6nnen.\n\nMit mehr als 40 Millionen Mitgliedern in allen Teilen der Welt ist die Pfadfinderbewegung auch die gr\u00f6\u00dfte Kinder- und Jugendorganisation.\n\nAuch wir haben uns diesem Prinzipien verschrieben. Zur Umsetzung der Erziehungsziele entwickelte Baden-Powell, der Gr\u00fcnder der Pfadfinderbewegung, eine eigenst\u00e4ndige Methodik, die als <i> Pfadfindermethode<\/i> bezeichnet wird &#8211; aber viele kennen sie schon &#8211; <strong>Learning by doing!<\/strong>\n\nMit der Betonung des \u201eLearning by Doing\u201c (Lernen durch Tun) wird das erfahrungs- und handlungsorientierte Lernen als zentrale Lernmethode der Pfadfinderbewegung festgelegt.\t\t\t\t\t\t<\/div>\n\t\t\t\t<\/div>\n\t\t\t\t\t<\/div>\n\t\t<\/div>\n\t\t\t\t\t<\/div>\n\t\t<\/section>\n\t\t\t\t<section class=\"elementor-section elementor-top-section elementor-element elementor-element-9277d7b elementor-section-boxed elementor-section-height-default elementor-section-height-default\" data-id=\"9277d7b\" data-element_type=\"section\">\n\t\t\t\t\t\t<div class=\"elementor-container elementor-column-gap-default\">\n\t\t\t\t\t<div class=\"elementor-column elementor-col-100 elementor-top-column elementor-element elementor-element-d005928\" data-id=\"d005928\" data-element_type=\"column\">\n\t\t\t<div class=\"elementor-widget-wrap elementor-element-populated\">\n\t\t\t\t\t\t<div class=\"elementor-element elementor-element-2a95182 elementor-widget elementor-widget-heading\" data-id=\"2a95182\" data-element_type=\"widget\" data-widget_type=\"heading.default\">\n\t\t\t\t<div class=\"elementor-widget-container\">\n\t\t\t<h1 class=\"elementor-heading-title elementor-size-default\">Gruppe 41 \u201eSt. Karl\u201c der Wiener Pfadfinder und Pfadfinderinnen<\/h1>\t\t<\/div>\n\t\t\t\t<\/div>\n\t\t\t\t\t<\/div>\n\t\t<\/div>\n\t\t\t\t\t<\/div>\n\t\t<\/section>\n\t\t\t\t<section class=\"elementor-section elementor-top-section elementor-element elementor-element-c384be0 elementor-section-boxed elementor-section-height-default elementor-section-height-default\" data-id=\"c384be0\" data-element_type=\"section\">\n\t\t\t\t\t\t<div class=\"elementor-container elementor-column-gap-default\">\n\t\t\t\t\t<div class=\"elementor-column elementor-col-50 elementor-top-column elementor-element elementor-element-5f31f36\" data-id=\"5f31f36\" data-element_type=\"column\">\n\t\t\t<div class=\"elementor-widget-wrap elementor-element-populated\">\n\t\t\t\t\t\t<div class=\"elementor-element elementor-element-37138fd elementor-widget elementor-widget-text-editor\" data-id=\"37138fd\" data-element_type=\"widget\" data-widget_type=\"text-editor.default\">\n\t\t\t\t<div class=\"elementor-widget-container\">\n\t\t\t\t\t\t\tIn unserer Pfadfindergruppe haben wir W\u00f6lflinge, Sp\u00e4her, Explorer und Rover. Als eine der wenigen Bubengruppen sind wir sehr darauf bedacht, den Kindern von heute ein etwas anderes Abenteuer &#8211; mit Buben im gleichen Alter &#8211; abseits der Spielkonsole oder dem Sportplatz zu erm\u00f6glichen. Sei es spielen, zelten, wandern oder \u00fcber dem offenen Feuer kochen. Es findet sich immer eine neue Lebenserfahrung!\n\nHauptziel der \u201eBildung kleiner Gruppen\u201c ist die fr\u00fchzeitige \u00dcbernahme von Verantwortung und die Erziehung zu Selbstst\u00e4ndigkeit, um zur Entwicklung der Pers\u00f6nlichkeit beizutragen. Damit werden die Anerkennung von Verantwortlichkeit, Selbstvertrauen, Zuverl\u00e4ssigkeit und Bereitschaft zur Zusammenarbeit und F\u00fchrung gef\u00f6rdert.\t\t\t\t\t\t<\/div>\n\t\t\t\t<\/div>\n\t\t\t\t\t<\/div>\n\t\t<\/div>\n\t\t\t\t<div class=\"elementor-column elementor-col-50 elementor-top-column elementor-element elementor-element-809e6a3\" data-id=\"809e6a3\" data-element_type=\"column\">\n\t\t\t<div class=\"elementor-widget-wrap elementor-element-populated\">\n\t\t\t\t\t\t<div class=\"elementor-element elementor-element-b498add elementor-widget elementor-widget-image\" data-id=\"b498add\" data-element_type=\"widget\" data-widget_type=\"image.default\">\n\t\t\t\t<div class=\"elementor-widget-container\">\n\t\t\t\t\t\t\t\t\t\t\t\t\t<img decoding=\"async\" width=\"640\" height=\"360\" src=\"https:\/\/www.scout41.eu\/hp\/wp-content\/uploads\/2020\/09\/201703241.jpg\" class=\"attachment-large size-large wp-image-1704\" alt=\"\" srcset=\"https:\/\/www.scout41.eu\/hp\/wp-content\/uploads\/2020\/09\/201703241.jpg 640w, https:\/\/www.scout41.eu\/hp\/wp-content\/uploads\/2020\/09\/201703241-300x169.jpg 300w\" sizes=\"(max-width: 640px) 100vw, 640px\" \/>\t\t\t\t\t\t\t\t\t\t\t\t\t<\/div>\n\t\t\t\t<\/div>\n\t\t\t\t\t<\/div>\n\t\t<\/div>\n\t\t\t\t\t<\/div>\n\t\t<\/section>\n\t\t\t\t<section class=\"elementor-section elementor-top-section elementor-element elementor-element-431a399 elementor-section-boxed elementor-section-height-default elementor-section-height-default\" data-id=\"431a399\" data-element_type=\"section\">\n\t\t\t\t\t\t<div class=\"elementor-container elementor-column-gap-default\">\n\t\t\t\t\t<div class=\"elementor-column elementor-col-100 elementor-top-column elementor-element elementor-element-54aa6a7\" data-id=\"54aa6a7\" data-element_type=\"column\">\n\t\t\t<div class=\"elementor-widget-wrap elementor-element-populated\">\n\t\t\t\t\t\t<div class=\"elementor-element elementor-element-f7a8a5c elementor-widget elementor-widget-heading\" data-id=\"f7a8a5c\" data-element_type=\"widget\" data-widget_type=\"heading.default\">\n\t\t\t\t<div class=\"elementor-widget-container\">\n\t\t\t<h2 class=\"elementor-heading-title elementor-size-default\">Veranstaltungen und Projekte<\/h2>\t\t<\/div>\n\t\t\t\t<\/div>\n\t\t\t\t\t<\/div>\n\t\t<\/div>\n\t\t\t\t\t<\/div>\n\t\t<\/section>\n\t\t\t\t<section class=\"elementor-section elementor-top-section elementor-element elementor-element-dca434a elementor-section-boxed elementor-section-height-default elementor-section-height-default\" data-id=\"dca434a\" data-element_type=\"section\">\n\t\t\t\t\t\t<div class=\"elementor-container elementor-column-gap-default\">\n\t\t\t\t\t<div class=\"elementor-column elementor-col-100 elementor-top-column elementor-element elementor-element-3a99c5a\" data-id=\"3a99c5a\" data-element_type=\"column\">\n\t\t\t<div class=\"elementor-widget-wrap elementor-element-populated\">\n\t\t\t\t\t\t<div class=\"elementor-element elementor-element-a68ac44 elementor-widget elementor-widget-text-editor\" data-id=\"a68ac44\" data-element_type=\"widget\" data-widget_type=\"text-editor.default\">\n\t\t\t\t<div class=\"elementor-widget-container\">\n\t\t\t\t\t\t\t<p>W\u00e4hrend der Schulzeit finden neben den w\u00f6chentlichen Heimstunden immer wieder Ausfl\u00fcge am Wochenende statt. Auch gibt es in manchen Jahren ein Herbst- bzw. Winterlager. Fixe Lager sind zu Pfingsten und in den Sommerferien:<\/p><ul><li><a href=\"http:\/\/www.scout41.eu\/hp\/?page_id=1359\" target=\"_blank\" rel=\"noopener\"><strong>Pfingstlager<\/strong><\/a><br \/><em>3-Tage Kurzlager<\/em><br \/>Jedes Jahr von Pfingstsamstag bis einschlie\u00dflich Pfingstmontag. Wir nutzen dieses Kurzlager zur Vorbereitung auf das Sommerlager! Es finden Verleihungszeremonien f\u00fcr fertige Ausbildungsstufen statt, und die Zelte werden im Zuge der Ben\u00fctzung \u00fcberpr\u00fcft.<\/li><li><a href=\"http:\/\/www.scout41.eu\/hp\/?page_id=1359\" target=\"_blank\" rel=\"noopener\"><strong>Sommerlager<\/strong><\/a><br \/><em>Ein bis Zwei Wochen in der Natur!<\/em><br \/>In den Sommer Schulferien g\u00f6nnen wir den Eltern Erholung! Wir fahren &#8211; je nach Altersstufe &#8211; bis zu zwei Wochen in die vielf\u00e4ltigen Gegenden \u00d6sterreichs, aber manchmal auch in das Ausland. Ob in den Bergen oder an einem See, das Leben in der Natur steht dabei an erster Stelle. Wanderungen, Abenteuer, Spiele und ein bisschen Lagerfeuer d\u00fcrfen nie fehlen.<\/li><\/ul><p>Mehrmals im Jahr finden auch zusammen mit anderen Pfadfindern und Pfadfinderinnen in Wien altersangepasste Treffen statt, bei denen<em> gemeinsam statt einsam<\/em> zum Trumpf wird.<\/p>\t\t\t\t\t\t<\/div>\n\t\t\t\t<\/div>\n\t\t\t\t\t<\/div>\n\t\t<\/div>\n\t\t\t\t\t<\/div>\n\t\t<\/section>\n\t\t\t\t<section class=\"elementor-section elementor-top-section elementor-element elementor-element-6e68d2a elementor-section-boxed elementor-section-height-default elementor-section-height-default\" data-id=\"6e68d2a\" data-element_type=\"section\">\n\t\t\t\t\t\t<div class=\"elementor-container elementor-column-gap-default\">\n\t\t\t\t\t<div class=\"elementor-column elementor-col-100 elementor-top-column elementor-element elementor-element-3a0e102\" data-id=\"3a0e102\" data-element_type=\"column\">\n\t\t\t<div class=\"elementor-widget-wrap elementor-element-populated\">\n\t\t\t\t\t\t<div class=\"elementor-element elementor-element-af96b8d elementor-widget elementor-widget-heading\" data-id=\"af96b8d\" data-element_type=\"widget\" data-widget_type=\"heading.default\">\n\t\t\t\t<div class=\"elementor-widget-container\">\n\t\t\t<h2 class=\"elementor-heading-title elementor-size-default\">Wichtige Informationen f\u00fcr die Eltern unserer jugendlichen Mitglieder<\/h2>\t\t<\/div>\n\t\t\t\t<\/div>\n\t\t\t\t\t<\/div>\n\t\t<\/div>\n\t\t\t\t\t<\/div>\n\t\t<\/section>\n\t\t\t\t<section class=\"elementor-section elementor-top-section elementor-element elementor-element-ad9e535 elementor-section-boxed elementor-section-height-default elementor-section-height-default\" data-id=\"ad9e535\" data-element_type=\"section\">\n\t\t\t\t\t\t<div class=\"elementor-container elementor-column-gap-default\">\n\t\t\t\t\t<div class=\"elementor-column elementor-col-100 elementor-top-column elementor-element elementor-element-2287022\" data-id=\"2287022\" data-element_type=\"column\">\n\t\t\t<div class=\"elementor-widget-wrap elementor-element-populated\">\n\t\t\t\t\t\t<div class=\"elementor-element elementor-element-bfd4de6 elementor-widget elementor-widget-text-editor\" data-id=\"bfd4de6\" data-element_type=\"widget\" data-widget_type=\"text-editor.default\">\n\t\t\t\t<div class=\"elementor-widget-container\">\n\t\t\t\t\t\t\t<ul><li><strong>Organisationsstruktur<br \/><\/strong>Unsere Pfadfindergruppe ist als Zweigverein dem Landesverband <a href=\"https:\/\/www.wpp.at\/\" target=\"_blank\" rel=\"noopener\"><em>&#8222;Wiener Pfadfinder und Pfadfinderinnen&#8220;<\/em><\/a> und damit dem Bundesverband <a href=\"https:\/\/ppoe.at\/\" target=\"_blank\" rel=\"noopener\"><em>&#8222;Pfadfinder und Pfadfinderinnen \u00d6sterreichs&#8220;<\/em><\/a> eingegliedert und dadurch der weltweit gr\u00f6\u00dften unabh\u00e4ngigen Kinder- und Jugendbewegung <a href=\"https:\/\/www.scout.org\/\" target=\"_blank\" rel=\"noopener\">WOSM (<em>World Organization of the Scout Movement<\/em>)<\/a> zugeh\u00f6rig.<\/li><li><strong>Unsere Ziele<\/strong><br \/>Die <em>&#8222;Pfadfinder und Pfadfinderinnen \u00d6sterreichs&#8220;<\/em> f\u00f6rdern als staatlich anerkannte Organisation\u00a0<span style=\"font-family: Verdana, Arial, Helvetica, sans-serif; font-size: 12.8px; font-style: normal; font-variant-ligatures: normal; font-variant-caps: normal; font-weight: 400; text-align: justify; text-indent: 26.4667px; background-color: #f9f9f9;\">der au\u00dferschulischen Jugenderziehung und Jugendarbeit\u00a0<\/span>\u00a0Kinder und Jugendliche dabei, ihre pers\u00f6nlichen Talente und F\u00e4higkeiten wahrzunehmen, zu entfalten und einzusetzen und unterst\u00fctzen sie bei ihrer Entwicklung zu eigenverantwortlichen Pers\u00f6nlichkeiten.<\/li><li><strong>Ausbildung der Jugendleiter und -leiterinnen\u00a0<\/strong><br \/>Die <em>&#8222;Pfadfinder und Pfadfinderinnen \u00d6sterreichs&#8220;<\/em> bilden junge Erwachsene in einem 4-stufigen Ausbildungsprogramm zu Jugendleitern, bzw. -leiterinnen aus, damit sie ihren Aufgaben gerecht werden k\u00f6nnen. Alle Funktion\u00e4re und Funktion\u00e4rinnen sind ehrenamtlich und gemeinn\u00fctzig in ihrer Freizeit aktiv.<\/li><li><strong>Uniform<\/strong><br \/>Bei unseren Aktivit\u00e4ten tragen wir eine Pfadfinderuniform, die im <a href=\"https:\/\/burghemden.at\/index.php?option=com_cds_shop&amp;view=ViewProdukte&amp;cID=39:Scout-Shop&amp;Itemid=8\" target=\"_blank\" rel=\"noopener\">&#8222;Scout Shop&#8220;<\/a> erh\u00e4ltlich ist. N\u00e4here Informationen \u00fcber Sortiment und Bestellm\u00f6glichkeit gibt es dort. Ein kleiner Vorrat vom Sortiment lagert auch direkt in unserer Pfadfindergruppe &#8211; fragen Sie einfach danach.<\/li><li><strong>Finanzielle Basis<\/strong><br \/>Als Zweigverein sind wir daf\u00fcr selbst verantwortlich, wof\u00fcr unser &#8222;Elternrat&#8220; zust\u00e4ndig ist. Da wir keinerlei F\u00f6rderungen erhalten, zahlt jedes Mitglied &#8211; auch die Jugendleiter und -leiterinnen &#8211; einen Mitgliedsbeitrag f\u00fcr die Allgemeinen Kosten, das sind die laufenden Ausgaben f\u00fcr die Heimstunden und die Betriebskosten f\u00fcr das Pfadfinderheim. Nur durch zus\u00e4tzliche Spenden kann die Anschaffung ben\u00f6tigter Ausr\u00fcstung (wie Zelte) und die Erhaltung der Heimr\u00e4ume finanziert werden. Die Beitr\u00e4ge zu Ausfl\u00fcgen und Lagern werden auf Basis der anfallenden Kosten kalkuliert und anteilsm\u00e4\u00dfig von allen Teilnehmern bezahlt.<\/li><li><strong>Mitgliedschaft<\/strong><br \/>Um Mitglied zu werden, muss eine Beitrittserkl\u00e4rung abgegeben werden, die f\u00fcr Minderj\u00e4hrige nat\u00fcrlich von Erziehungsberechtigten unterschrieben werden muss.<\/li><\/ul>\t\t\t\t\t\t<\/div>\n\t\t\t\t<\/div>\n\t\t\t\t\t<\/div>\n\t\t<\/div>\n\t\t\t\t\t<\/div>\n\t\t<\/section>\n\t\t\t\t<\/div>\n\t\t","protected":false},"excerpt":{"rendered":"<p>Wir Pfadfinder sind Angeh\u00f6rige der Pfadfinderbewegung, einer internationalen, religi\u00f6s und politisch unabh\u00e4ngigen Erziehungsbewegung f\u00fcr Kinder und Jugendliche, die nach der Pfadfindermethode arbeitet und Menschen aller Nationalit\u00e4ten und Glaubensrichtungen offen steht. Ziel der Bewegung ist die F\u00f6rderung der Entwicklung junger Menschen, damit diese in der Gesellschaft Verantwortung \u00fcbernehmen k\u00f6nnen. Mit mehr als 40 Millionen Mitgliedern in [&hellip;]<\/p>\n","protected":false},"author":1,"featured_media":0,"parent":0,"menu_order":0,"comment_status":"closed","ping_status":"closed","template":"","meta":{"footnotes":""},"class_list":["post-1684","page","type-page","status-publish","hentry","entry"],"_links":{"self":[{"href":"https:\/\/www.scout41.eu\/hp\/index.php?rest_route=\/wp\/v2\/pages\/1684","targetHints":{"allow":["GET"]}}],"collection":[{"href":"https:\/\/www.scout41.eu\/hp\/index.php?rest_route=\/wp\/v2\/pages"}],"about":[{"href":"https:\/\/www.scout41.eu\/hp\/index.php?rest_route=\/wp\/v2\/types\/page"}],"author":[{"embeddable":true,"href":"https:\/\/www.scout41.eu\/hp\/index.php?rest_route=\/wp\/v2\/users\/1"}],"replies":[{"embeddable":true,"href":"https:\/\/www.scout41.eu\/hp\/index.php?rest_route=%2Fwp%2Fv2%2Fcomments&post=1684"}],"version-history":[{"count":33,"href":"https:\/\/www.scout41.eu\/hp\/index.php?rest_route=\/wp\/v2\/pages\/1684\/revisions"}],"predecessor-version":[{"id":1965,"href":"https:\/\/www.scout41.eu\/hp\/index.php?rest_route=\/wp\/v2\/pages\/1684\/revisions\/1965"}],"wp:attachment":[{"href":"https:\/\/www.scout41.eu\/hp\/index.php?rest_route=%2Fwp%2Fv2%2Fmedia&parent=1684"}],"curies":[{"name":"wp","href":"https:\/\/api.w.org\/{rel}","templated":true}]}}