{"id":1675,"date":"2020-09-05T23:35:33","date_gmt":"2020-09-05T21:35:33","guid":{"rendered":"http:\/\/www.scout41.eu\/hp\/?page_id=1675"},"modified":"2021-09-06T21:00:27","modified_gmt":"2021-09-06T19:00:27","slug":"woelflinge","status":"publish","type":"page","link":"https:\/\/www.scout41.eu\/hp\/?page_id=1675","title":{"rendered":"W\u00f6lflinge"},"content":{"rendered":"\t\t<div data-elementor-type=\"wp-page\" data-elementor-id=\"1675\" class=\"elementor elementor-1675\">\n\t\t\t\t\t\t<section class=\"elementor-section elementor-top-section elementor-element elementor-element-faeb5ba elementor-section-boxed elementor-section-height-default elementor-section-height-default\" data-id=\"faeb5ba\" data-element_type=\"section\">\n\t\t\t\t\t\t<div class=\"elementor-container elementor-column-gap-default\">\n\t\t\t\t\t<div class=\"elementor-column elementor-col-100 elementor-top-column elementor-element elementor-element-b169c27\" data-id=\"b169c27\" data-element_type=\"column\">\n\t\t\t<div class=\"elementor-widget-wrap elementor-element-populated\">\n\t\t\t\t\t\t<div class=\"elementor-element elementor-element-a6fe97d elementor-widget elementor-widget-heading\" data-id=\"a6fe97d\" data-element_type=\"widget\" data-widget_type=\"heading.default\">\n\t\t\t\t<div class=\"elementor-widget-container\">\n\t\t\t<h2 class=\"elementor-heading-title elementor-size-default\">Die j\u00fcngsten Pfadfinder hei\u00dfen W\u00f6lflinge. Sie erleben in der Gemeinschaft von Gleichaltrigen viele kleine Abenteuer und entdecken immer wieder Neues.<\/h2>\t\t<\/div>\n\t\t\t\t<\/div>\n\t\t\t\t\t<\/div>\n\t\t<\/div>\n\t\t\t\t\t<\/div>\n\t\t<\/section>\n\t\t\t\t<section class=\"elementor-section elementor-top-section elementor-element elementor-element-c46ebff elementor-section-boxed elementor-section-height-default elementor-section-height-default\" data-id=\"c46ebff\" data-element_type=\"section\">\n\t\t\t\t\t\t<div class=\"elementor-container elementor-column-gap-default\">\n\t\t\t\t\t<div class=\"elementor-column elementor-col-25 elementor-top-column elementor-element elementor-element-8ed916e\" data-id=\"8ed916e\" data-element_type=\"column\">\n\t\t\t<div class=\"elementor-widget-wrap elementor-element-populated\">\n\t\t\t\t\t\t<div class=\"elementor-element elementor-element-ebd904c elementor-widget elementor-widget-text-editor\" data-id=\"ebd904c\" data-element_type=\"widget\" data-widget_type=\"text-editor.default\">\n\t\t\t\t<div class=\"elementor-widget-container\">\n\t\t\t\t\t\t\t<p><span style=\"font-family: Signika; font-size: 15px; font-style: normal; font-variant-ligatures: normal; font-variant-caps: normal; font-weight: 600;\">Neues entdecken!<\/span><\/p>\n<p><span style=\"font-family: Signika; font-size: 15px; font-style: normal; font-variant-ligatures: normal; font-variant-caps: normal; font-weight: 100;\">Im Spiel sollen\u00a0<\/span><span style=\"font-family: Signika; font-size: 15px; font-style: normal; font-variant-ligatures: normal; font-variant-caps: normal; font-weight: 600;\">W\u00f6lflinge<\/span><span style=\"font-family: Signika; font-size: 15px; font-style: normal; font-variant-ligatures: normal; font-variant-caps: normal; font-weight: 100;\">\u00a0ihre pers\u00f6nlichen F\u00e4higkeiten und Talente entdecken, Neues lernen und viele Freundschaften schlie\u00dfen.\u00a0<br \/><\/span><span style=\"font-family: Signika; font-size: 15px; font-style: normal; font-variant-ligatures: normal; font-variant-caps: normal; font-weight: 600;\">W\u00f6lflinge<\/span><span style=\"font-family: Signika; font-size: 15px; font-style: normal; font-variant-ligatures: normal; font-variant-caps: normal; font-weight: 100;\">\u00a0sind neugierig und wollen alles wissen! Die Vielf\u00e4ltigkeit des Programms unterst\u00fctzt sie dabei.\u00a0<br \/><\/span><span style=\"font-family: Signika; font-size: 15px; font-style: normal; font-variant-ligatures: normal; font-variant-caps: normal; font-weight: 600;\">W\u00f6lflinge<\/span><span style=\"font-family: Signika; font-size: 15px; font-style: normal; font-variant-ligatures: normal; font-variant-caps: normal; font-weight: 100;\">\u00a0erfahren etwas \u00fcber Umweltschutz, ihren Lebensraum, basteln und singen viel. Spiel, Spa\u00df, Bewegung und Abenteuer kommen nicht zu kurz.<\/span><\/p>\t\t\t\t\t\t<\/div>\n\t\t\t\t<\/div>\n\t\t\t\t\t<\/div>\n\t\t<\/div>\n\t\t\t\t<div class=\"elementor-column elementor-col-50 elementor-top-column elementor-element elementor-element-8341ad9\" data-id=\"8341ad9\" data-element_type=\"column\">\n\t\t\t<div class=\"elementor-widget-wrap elementor-element-populated\">\n\t\t\t\t\t\t<div class=\"elementor-element elementor-element-cd18f41 elementor-widget__width-auto elementor-invisible elementor-widget elementor-widget-image\" data-id=\"cd18f41\" data-element_type=\"widget\" data-settings=\"{&quot;_animation&quot;:&quot;rollIn&quot;}\" data-widget_type=\"image.default\">\n\t\t\t\t<div class=\"elementor-widget-container\">\n\t\t\t\t\t\t\t\t\t\t\t\t\t<img fetchpriority=\"high\" decoding=\"async\" width=\"979\" height=\"722\" src=\"https:\/\/www.scout41.eu\/hp\/wp-content\/uploads\/2021\/09\/20200708_104621.jpg\" class=\"attachment-large size-large wp-image-2087\" alt=\"\" srcset=\"https:\/\/www.scout41.eu\/hp\/wp-content\/uploads\/2021\/09\/20200708_104621.jpg 979w, https:\/\/www.scout41.eu\/hp\/wp-content\/uploads\/2021\/09\/20200708_104621-300x221.jpg 300w, https:\/\/www.scout41.eu\/hp\/wp-content\/uploads\/2021\/09\/20200708_104621-768x566.jpg 768w\" sizes=\"(max-width: 979px) 100vw, 979px\" \/>\t\t\t\t\t\t\t\t\t\t\t\t\t<\/div>\n\t\t\t\t<\/div>\n\t\t\t\t\t<\/div>\n\t\t<\/div>\n\t\t\t\t<div class=\"elementor-column elementor-col-25 elementor-top-column elementor-element elementor-element-147e163\" data-id=\"147e163\" data-element_type=\"column\">\n\t\t\t<div class=\"elementor-widget-wrap elementor-element-populated\">\n\t\t\t\t\t\t<div class=\"elementor-element elementor-element-4f5d227 elementor-widget elementor-widget-text-editor\" data-id=\"4f5d227\" data-element_type=\"widget\" data-widget_type=\"text-editor.default\">\n\t\t\t\t<div class=\"elementor-widget-container\">\n\t\t\t\t\t\t\t<p><strong>Spielgeschichten \u2026<\/strong><br \/>\u2026 und Verkleidungen machen die Aktivit\u00e4ten spannend und sollen die Phantasie und Kreativit\u00e4t der\u00a0<strong>W\u00f6lflinge<\/strong>\u00a0anregen.\u00a0<\/p><p>Warum hei\u00dfen sie\u00a0<span style=\"font-family: Signika; font-size: 15px; font-style: normal; font-variant-ligatures: normal; font-variant-caps: normal; font-weight: 600;\">W\u00f6lflinge<\/span><span style=\"font-size: 15px;\">?<br \/><\/span><span style=\"font-size: 15px;\">Das <\/span><em style=\"font-size: 15px;\">Dschungelbuch von Rudyard Kipling<\/em><span style=\"font-size: 15px;\"> bildet den roten Faden f\u00fcr alle Aktivit\u00e4ten.\u00a0<\/span><span style=\"font-size: 15px;\">Regelm\u00e4\u00dfige Heimabende, Naturerlebnisse, sowie gemeinsame Unternehmungen sind weitere wichtige Aspekte. Akela, Balu und Baghira sind auch immer dabei!<\/span><\/p>\t\t\t\t\t\t<\/div>\n\t\t\t\t<\/div>\n\t\t\t\t\t<\/div>\n\t\t<\/div>\n\t\t\t\t\t<\/div>\n\t\t<\/section>\n\t\t\t\t<\/div>\n\t\t","protected":false},"excerpt":{"rendered":"<p>Die j\u00fcngsten Pfadfinder hei\u00dfen W\u00f6lflinge. Sie erleben in der Gemeinschaft von Gleichaltrigen viele kleine Abenteuer und entdecken immer wieder Neues. Neues entdecken! Im Spiel sollen\u00a0W\u00f6lflinge\u00a0ihre pers\u00f6nlichen F\u00e4higkeiten und Talente entdecken, Neues lernen und viele Freundschaften schlie\u00dfen.\u00a0W\u00f6lflinge\u00a0sind neugierig und wollen alles wissen! Die Vielf\u00e4ltigkeit des Programms unterst\u00fctzt sie dabei.\u00a0W\u00f6lflinge\u00a0erfahren etwas \u00fcber Umweltschutz, ihren Lebensraum, basteln und [&hellip;]<\/p>\n","protected":false},"author":1,"featured_media":0,"parent":0,"menu_order":0,"comment_status":"closed","ping_status":"closed","template":"","meta":{"footnotes":""},"class_list":["post-1675","page","type-page","status-publish","hentry","entry"],"_links":{"self":[{"href":"https:\/\/www.scout41.eu\/hp\/index.php?rest_route=\/wp\/v2\/pages\/1675","targetHints":{"allow":["GET"]}}],"collection":[{"href":"https:\/\/www.scout41.eu\/hp\/index.php?rest_route=\/wp\/v2\/pages"}],"about":[{"href":"https:\/\/www.scout41.eu\/hp\/index.php?rest_route=\/wp\/v2\/types\/page"}],"author":[{"embeddable":true,"href":"https:\/\/www.scout41.eu\/hp\/index.php?rest_route=\/wp\/v2\/users\/1"}],"replies":[{"embeddable":true,"href":"https:\/\/www.scout41.eu\/hp\/index.php?rest_route=%2Fwp%2Fv2%2Fcomments&post=1675"}],"version-history":[{"count":21,"href":"https:\/\/www.scout41.eu\/hp\/index.php?rest_route=\/wp\/v2\/pages\/1675\/revisions"}],"predecessor-version":[{"id":2614,"href":"https:\/\/www.scout41.eu\/hp\/index.php?rest_route=\/wp\/v2\/pages\/1675\/revisions\/2614"}],"wp:attachment":[{"href":"https:\/\/www.scout41.eu\/hp\/index.php?rest_route=%2Fwp%2Fv2%2Fmedia&parent=1675"}],"curies":[{"name":"wp","href":"https:\/\/api.w.org\/{rel}","templated":true}]}}