{"id":1671,"date":"2021-09-16T19:34:02","date_gmt":"2021-09-16T17:34:02","guid":{"rendered":"http:\/\/www.scout41.eu\/hp\/?page_id=1671"},"modified":"2025-05-31T18:59:02","modified_gmt":"2025-05-31T16:59:02","slug":"explorer","status":"publish","type":"page","link":"https:\/\/www.scout41.eu\/hp\/?page_id=1671","title":{"rendered":"Explorer"},"content":{"rendered":"\t\t<div data-elementor-type=\"wp-page\" data-elementor-id=\"1671\" class=\"elementor elementor-1671\">\n\t\t\t\t\t\t<section class=\"elementor-section elementor-top-section elementor-element elementor-element-c01e297 elementor-section-boxed elementor-section-height-default elementor-section-height-default\" data-id=\"c01e297\" data-element_type=\"section\" data-settings=\"{&quot;background_background&quot;:&quot;gradient&quot;}\">\n\t\t\t\t\t\t<div class=\"elementor-container elementor-column-gap-default\">\n\t\t\t\t\t<div class=\"elementor-column elementor-col-100 elementor-top-column elementor-element elementor-element-cb14a71\" data-id=\"cb14a71\" data-element_type=\"column\">\n\t\t\t<div class=\"elementor-widget-wrap elementor-element-populated\">\n\t\t\t\t\t\t<div class=\"elementor-element elementor-element-e086a1d elementor-widget elementor-widget-heading\" data-id=\"e086a1d\" data-element_type=\"widget\" data-widget_type=\"heading.default\">\n\t\t\t\t<div class=\"elementor-widget-container\">\n\t\t\t<h2 class=\"elementor-heading-title elementor-size-xl\">Aktionen planen, Verantwortung \u00fcbernehmen<\/h2>\t\t<\/div>\n\t\t\t\t<\/div>\n\t\t\t\t\t<\/div>\n\t\t<\/div>\n\t\t\t\t\t<\/div>\n\t\t<\/section>\n\t\t\t\t<section class=\"elementor-section elementor-top-section elementor-element elementor-element-d47164b elementor-section-boxed elementor-section-height-default elementor-section-height-default\" data-id=\"d47164b\" data-element_type=\"section\">\n\t\t\t\t\t\t<div class=\"elementor-container elementor-column-gap-default\">\n\t\t\t\t\t<div class=\"elementor-column elementor-col-66 elementor-top-column elementor-element elementor-element-58da807\" data-id=\"58da807\" data-element_type=\"column\">\n\t\t\t<div class=\"elementor-widget-wrap elementor-element-populated\">\n\t\t\t\t\t\t<div class=\"elementor-element elementor-element-bdc19e6 elementor-widget elementor-widget-text-editor\" data-id=\"bdc19e6\" data-element_type=\"widget\" data-widget_type=\"text-editor.default\">\n\t\t\t\t<div class=\"elementor-widget-container\">\n\t\t\t\t\t\t\t<h3>Planen<\/h3>\n<p><span style=\"font-size: 15px\">Bei den Explorern geht es darum ,die eigenen F\u00e4higkeiten einzubringen, eigene Interessen in der Gruppe zu vertreten und zu beginnen Verantwortung zu \u00fcbernehmen.<\/span><\/p>\n<p>Die Explorer planen ihre Aktivit\u00e4ten selbst und lernen dabei welche Schritte es ben\u00f6tigt gemeinsam ein Projekt durchzuziehen. Nat\u00fcrlich stehen die Leiter mit Rat und Tat zur Seite doch der Fokus liegt auf den Jugendlichen.<\/p>\t\t\t\t\t\t<\/div>\n\t\t\t\t<\/div>\n\t\t\t\t\t<\/div>\n\t\t<\/div>\n\t\t\t\t<div class=\"elementor-column elementor-col-33 elementor-top-column elementor-element elementor-element-089e59d\" data-id=\"089e59d\" data-element_type=\"column\">\n\t\t\t<div class=\"elementor-widget-wrap elementor-element-populated\">\n\t\t\t\t\t\t<div class=\"elementor-element elementor-element-e6669aa elementor-widget elementor-widget-image\" data-id=\"e6669aa\" data-element_type=\"widget\" data-widget_type=\"image.default\">\n\t\t\t\t<div class=\"elementor-widget-container\">\n\t\t\t\t\t\t\t\t\t\t\t\t\t<img fetchpriority=\"high\" decoding=\"async\" width=\"1024\" height=\"684\" src=\"https:\/\/www.scout41.eu\/hp\/wp-content\/uploads\/2021\/09\/DSC04430_01-1024x684.jpg\" class=\"attachment-large size-large wp-image-2168\" alt=\"Explorer mit Stock und Hammer\" srcset=\"https:\/\/www.scout41.eu\/hp\/wp-content\/uploads\/2021\/09\/DSC04430_01-1024x684.jpg 1024w, https:\/\/www.scout41.eu\/hp\/wp-content\/uploads\/2021\/09\/DSC04430_01-300x201.jpg 300w, https:\/\/www.scout41.eu\/hp\/wp-content\/uploads\/2021\/09\/DSC04430_01-768x513.jpg 768w, https:\/\/www.scout41.eu\/hp\/wp-content\/uploads\/2021\/09\/DSC04430_01-1536x1027.jpg 1536w, https:\/\/www.scout41.eu\/hp\/wp-content\/uploads\/2021\/09\/DSC04430_01-2048x1369.jpg 2048w\" sizes=\"(max-width: 1024px) 100vw, 1024px\" \/>\t\t\t\t\t\t\t\t\t\t\t\t\t<\/div>\n\t\t\t\t<\/div>\n\t\t\t\t\t<\/div>\n\t\t<\/div>\n\t\t\t\t\t<\/div>\n\t\t<\/section>\n\t\t\t\t<section class=\"elementor-section elementor-top-section elementor-element elementor-element-c5397a0 elementor-section-boxed elementor-section-height-default elementor-section-height-default\" data-id=\"c5397a0\" data-element_type=\"section\">\n\t\t\t\t\t\t<div class=\"elementor-container elementor-column-gap-default\">\n\t\t\t\t\t<div class=\"elementor-column elementor-col-33 elementor-top-column elementor-element elementor-element-5a8efd7\" data-id=\"5a8efd7\" data-element_type=\"column\">\n\t\t\t<div class=\"elementor-widget-wrap elementor-element-populated\">\n\t\t\t\t\t\t<div class=\"elementor-element elementor-element-a2e64c7 elementor-widget elementor-widget-image\" data-id=\"a2e64c7\" data-element_type=\"widget\" data-widget_type=\"image.default\">\n\t\t\t\t<div class=\"elementor-widget-container\">\n\t\t\t\t\t\t\t\t\t\t\t\t\t<img decoding=\"async\" width=\"1024\" height=\"684\" src=\"https:\/\/www.scout41.eu\/hp\/wp-content\/uploads\/2021\/09\/DSC04639_01-1024x684.jpg\" class=\"attachment-large size-large wp-image-2169\" alt=\"2 Pfadfinder reden miteinander\" srcset=\"https:\/\/www.scout41.eu\/hp\/wp-content\/uploads\/2021\/09\/DSC04639_01-1024x684.jpg 1024w, https:\/\/www.scout41.eu\/hp\/wp-content\/uploads\/2021\/09\/DSC04639_01-300x201.jpg 300w, https:\/\/www.scout41.eu\/hp\/wp-content\/uploads\/2021\/09\/DSC04639_01-768x513.jpg 768w, https:\/\/www.scout41.eu\/hp\/wp-content\/uploads\/2021\/09\/DSC04639_01-1536x1027.jpg 1536w, https:\/\/www.scout41.eu\/hp\/wp-content\/uploads\/2021\/09\/DSC04639_01-2048x1369.jpg 2048w\" sizes=\"(max-width: 1024px) 100vw, 1024px\" \/>\t\t\t\t\t\t\t\t\t\t\t\t\t<\/div>\n\t\t\t\t<\/div>\n\t\t\t\t\t<\/div>\n\t\t<\/div>\n\t\t\t\t<div class=\"elementor-column elementor-col-66 elementor-top-column elementor-element elementor-element-d2dbe85\" data-id=\"d2dbe85\" data-element_type=\"column\">\n\t\t\t<div class=\"elementor-widget-wrap elementor-element-populated\">\n\t\t\t\t\t\t<div class=\"elementor-element elementor-element-84fac1e elementor-widget elementor-widget-text-editor\" data-id=\"84fac1e\" data-element_type=\"widget\" data-widget_type=\"text-editor.default\">\n\t\t\t\t<div class=\"elementor-widget-container\">\n\t\t\t\t\t\t\t<h3>Durchf\u00fchren<\/h3>\n<p>Mit Kreativit\u00e4t und Mut neues ausprobieren und die eigenen Grenzen herausfinden. Kommunikation in der Patrulle und in der Gruppe erlernen. Gemeinsam ein Projekt zu Ende bringen. Das ist es was das Explorerdasein ausmacht.<\/p>\t\t\t\t\t\t<\/div>\n\t\t\t\t<\/div>\n\t\t\t\t\t<\/div>\n\t\t<\/div>\n\t\t\t\t\t<\/div>\n\t\t<\/section>\n\t\t\t\t<section class=\"elementor-section elementor-top-section elementor-element elementor-element-03810ce elementor-section-boxed elementor-section-height-default elementor-section-height-default\" data-id=\"03810ce\" data-element_type=\"section\">\n\t\t\t\t\t\t<div class=\"elementor-container elementor-column-gap-default\">\n\t\t\t\t\t<div class=\"elementor-column elementor-col-66 elementor-top-column elementor-element elementor-element-2c4b19b\" data-id=\"2c4b19b\" data-element_type=\"column\">\n\t\t\t<div class=\"elementor-widget-wrap elementor-element-populated\">\n\t\t\t\t\t\t<div class=\"elementor-element elementor-element-ef09d58 elementor-widget elementor-widget-text-editor\" data-id=\"ef09d58\" data-element_type=\"widget\" data-widget_type=\"text-editor.default\">\n\t\t\t\t<div class=\"elementor-widget-container\">\n\t\t\t\t\t\t\t<h3>Gemeinschaft erleben<\/h3>\n<p>Bei den Pfadfindern h\u00e4lt man zueinander, und bei den Explorern sowieso. Den Egoismus zur\u00fcckschrauben und seinen Platz in Gemeinschaft und Gesellschft herausfinden, sind es was die Explorerstufe zu einer sch\u00f6nen und wichtigen Erfahrung im Leben eines Pfadfinder macht.<\/p>\t\t\t\t\t\t<\/div>\n\t\t\t\t<\/div>\n\t\t\t\t\t<\/div>\n\t\t<\/div>\n\t\t\t\t<div class=\"elementor-column elementor-col-33 elementor-top-column elementor-element elementor-element-a82544d\" data-id=\"a82544d\" data-element_type=\"column\">\n\t\t\t<div class=\"elementor-widget-wrap elementor-element-populated\">\n\t\t\t\t\t\t<div class=\"elementor-element elementor-element-3b915ef elementor-widget elementor-widget-image\" data-id=\"3b915ef\" data-element_type=\"widget\" data-widget_type=\"image.default\">\n\t\t\t\t<div class=\"elementor-widget-container\">\n\t\t\t\t\t\t\t\t\t\t\t\t\t<img decoding=\"async\" width=\"1024\" height=\"684\" src=\"https:\/\/www.scout41.eu\/hp\/wp-content\/uploads\/2021\/09\/DSC04939-1024x684.jpg\" class=\"attachment-large size-large wp-image-2170\" alt=\"Pfadfindergruppe an Lagerfeuer\" srcset=\"https:\/\/www.scout41.eu\/hp\/wp-content\/uploads\/2021\/09\/DSC04939-1024x684.jpg 1024w, https:\/\/www.scout41.eu\/hp\/wp-content\/uploads\/2021\/09\/DSC04939-300x201.jpg 300w, https:\/\/www.scout41.eu\/hp\/wp-content\/uploads\/2021\/09\/DSC04939-768x513.jpg 768w, https:\/\/www.scout41.eu\/hp\/wp-content\/uploads\/2021\/09\/DSC04939-1536x1027.jpg 1536w, https:\/\/www.scout41.eu\/hp\/wp-content\/uploads\/2021\/09\/DSC04939-2048x1369.jpg 2048w\" sizes=\"(max-width: 1024px) 100vw, 1024px\" \/>\t\t\t\t\t\t\t\t\t\t\t\t\t<\/div>\n\t\t\t\t<\/div>\n\t\t\t\t\t<\/div>\n\t\t<\/div>\n\t\t\t\t\t<\/div>\n\t\t<\/section>\n\t\t\t\t<section class=\"elementor-section elementor-top-section elementor-element elementor-element-6718e20 elementor-section-boxed elementor-section-height-default elementor-section-height-default\" data-id=\"6718e20\" data-element_type=\"section\">\n\t\t\t\t\t\t<div class=\"elementor-container elementor-column-gap-default\">\n\t\t\t\t\t<div class=\"elementor-column elementor-col-100 elementor-top-column elementor-element elementor-element-7cd6488\" data-id=\"7cd6488\" data-element_type=\"column\">\n\t\t\t<div class=\"elementor-widget-wrap elementor-element-populated\">\n\t\t\t\t\t\t<div class=\"elementor-element elementor-element-e88bcbe elementor-widget elementor-widget-text-editor\" data-id=\"e88bcbe\" data-element_type=\"widget\" data-widget_type=\"text-editor.default\">\n\t\t\t\t<div class=\"elementor-widget-container\">\n\t\t\t\t\t\t\t<h2>Interesse geweckt?<\/h2><div>Komm am Mittwoch gleich vorbei bei uns im Heim!<\/div><div><p><strong>Mittwoch 18:30 &#8211; 20:00<br \/><span style=\"font-family: Signika; font-size: 15px; font-style: normal;\">1040 WIEN, Kreuzherrengasse 1<\/span><br \/><\/strong><\/p><\/div>\t\t\t\t\t\t<\/div>\n\t\t\t\t<\/div>\n\t\t\t\t\t<\/div>\n\t\t<\/div>\n\t\t\t\t\t<\/div>\n\t\t<\/section>\n\t\t\t\t<\/div>\n\t\t","protected":false},"excerpt":{"rendered":"<p>Aktionen planen, Verantwortung \u00fcbernehmen Planen Bei den Explorern geht es darum ,die eigenen F\u00e4higkeiten einzubringen, eigene Interessen in der Gruppe zu vertreten und zu beginnen Verantwortung zu \u00fcbernehmen. Die Explorer planen ihre Aktivit\u00e4ten selbst und lernen dabei welche Schritte es ben\u00f6tigt gemeinsam ein Projekt durchzuziehen. Nat\u00fcrlich stehen die Leiter mit Rat und Tat zur Seite [&hellip;]<\/p>\n","protected":false},"author":4,"featured_media":0,"parent":0,"menu_order":0,"comment_status":"closed","ping_status":"closed","template":"","meta":{"footnotes":""},"class_list":["post-1671","page","type-page","status-publish","hentry","entry"],"_links":{"self":[{"href":"https:\/\/www.scout41.eu\/hp\/index.php?rest_route=\/wp\/v2\/pages\/1671","targetHints":{"allow":["GET"]}}],"collection":[{"href":"https:\/\/www.scout41.eu\/hp\/index.php?rest_route=\/wp\/v2\/pages"}],"about":[{"href":"https:\/\/www.scout41.eu\/hp\/index.php?rest_route=\/wp\/v2\/types\/page"}],"author":[{"embeddable":true,"href":"https:\/\/www.scout41.eu\/hp\/index.php?rest_route=\/wp\/v2\/users\/4"}],"replies":[{"embeddable":true,"href":"https:\/\/www.scout41.eu\/hp\/index.php?rest_route=%2Fwp%2Fv2%2Fcomments&post=1671"}],"version-history":[{"count":10,"href":"https:\/\/www.scout41.eu\/hp\/index.php?rest_route=\/wp\/v2\/pages\/1671\/revisions"}],"predecessor-version":[{"id":2671,"href":"https:\/\/www.scout41.eu\/hp\/index.php?rest_route=\/wp\/v2\/pages\/1671\/revisions\/2671"}],"wp:attachment":[{"href":"https:\/\/www.scout41.eu\/hp\/index.php?rest_route=%2Fwp%2Fv2%2Fmedia&parent=1671"}],"curies":[{"name":"wp","href":"https:\/\/api.w.org\/{rel}","templated":true}]}}