{"id":1588,"date":"2020-09-04T17:36:47","date_gmt":"2020-09-04T15:36:47","guid":{"rendered":"http:\/\/www.scout41.eu\/hp\/?page_id=1588"},"modified":"2025-09-01T14:07:45","modified_gmt":"2025-09-01T12:07:45","slug":"home-2","status":"publish","type":"page","link":"https:\/\/www.scout41.eu\/hp\/","title":{"rendered":""},"content":{"rendered":"\t\t<div data-elementor-type=\"wp-post\" data-elementor-id=\"1588\" class=\"elementor elementor-1588\">\n\t\t\t\t\t\t<section class=\"elementor-section elementor-top-section elementor-element elementor-element-77ee026 elementor-section-boxed elementor-section-height-default elementor-section-height-default\" data-id=\"77ee026\" data-element_type=\"section\">\n\t\t\t\t\t\t<div class=\"elementor-container elementor-column-gap-default\">\n\t\t\t\t\t<div class=\"elementor-column elementor-col-100 elementor-top-column elementor-element elementor-element-ede0ba0\" data-id=\"ede0ba0\" data-element_type=\"column\">\n\t\t\t<div class=\"elementor-widget-wrap elementor-element-populated\">\n\t\t\t\t\t\t<div class=\"elementor-element elementor-element-97c0ce3 elementor-widget elementor-widget-image\" data-id=\"97c0ce3\" data-element_type=\"widget\" data-widget_type=\"image.default\">\n\t\t\t\t<div class=\"elementor-widget-container\">\n\t\t\t\t\t\t\t\t\t\t\t\t\t<img fetchpriority=\"high\" decoding=\"async\" width=\"724\" height=\"1024\" src=\"https:\/\/www.scout41.eu\/hp\/wp-content\/uploads\/2024\/02\/WoWerbung2024-724x1024.png\" class=\"attachment-large size-large wp-image-2591\" alt=\"\" srcset=\"https:\/\/www.scout41.eu\/hp\/wp-content\/uploads\/2024\/02\/WoWerbung2024-724x1024.png 724w, https:\/\/www.scout41.eu\/hp\/wp-content\/uploads\/2024\/02\/WoWerbung2024-212x300.png 212w, https:\/\/www.scout41.eu\/hp\/wp-content\/uploads\/2024\/02\/WoWerbung2024-768x1086.png 768w, https:\/\/www.scout41.eu\/hp\/wp-content\/uploads\/2024\/02\/WoWerbung2024-1086x1536.png 1086w, https:\/\/www.scout41.eu\/hp\/wp-content\/uploads\/2024\/02\/WoWerbung2024.png 1414w\" sizes=\"(max-width: 724px) 100vw, 724px\" \/>\t\t\t\t\t\t\t\t\t\t\t\t\t<\/div>\n\t\t\t\t<\/div>\n\t\t\t\t\t<\/div>\n\t\t<\/div>\n\t\t\t\t\t<\/div>\n\t\t<\/section>\n\t\t\t\t<section class=\"elementor-section elementor-top-section elementor-element elementor-element-5b58a85 elementor-section-full_width elementor-section-height-default elementor-section-height-default\" data-id=\"5b58a85\" data-element_type=\"section\" data-settings=\"{&quot;animation&quot;:&quot;none&quot;}\">\n\t\t\t\t\t\t<div class=\"elementor-container elementor-column-gap-no\">\n\t\t\t\t\t<div class=\"elementor-column elementor-col-100 elementor-top-column elementor-element elementor-element-72858d2 elementor-invisible\" data-id=\"72858d2\" data-element_type=\"column\" data-settings=\"{&quot;animation&quot;:&quot;fadeIn&quot;}\">\n\t\t\t<div class=\"elementor-widget-wrap elementor-element-populated\">\n\t\t\t\t\t\t<div class=\"elementor-element elementor-element-414862a elementor-pagination-position-inside elementor-arrows-position-inside elementor-widget elementor-widget-image-carousel\" data-id=\"414862a\" data-element_type=\"widget\" data-settings=\"{&quot;slides_to_show&quot;:&quot;1&quot;,&quot;pause_on_hover&quot;:&quot;no&quot;,&quot;_animation&quot;:&quot;none&quot;,&quot;navigation&quot;:&quot;both&quot;,&quot;autoplay&quot;:&quot;yes&quot;,&quot;pause_on_interaction&quot;:&quot;yes&quot;,&quot;autoplay_speed&quot;:5000,&quot;infinite&quot;:&quot;yes&quot;,&quot;effect&quot;:&quot;slide&quot;,&quot;speed&quot;:500}\" data-widget_type=\"image-carousel.default\">\n\t\t\t\t<div class=\"elementor-widget-container\">\n\t\t\t\t\t<div class=\"elementor-image-carousel-wrapper swiper\" dir=\"ltr\">\n\t\t\t<div class=\"elementor-image-carousel swiper-wrapper\" aria-live=\"off\">\n\t\t\t\t\t\t\t\t<div class=\"swiper-slide\" role=\"group\" aria-roledescription=\"slide\" aria-label=\"1 von 7\"><figure class=\"swiper-slide-inner\"><img decoding=\"async\" class=\"swiper-slide-image\" src=\"https:\/\/www.scout41.eu\/hp\/wp-content\/uploads\/elementor\/thumbs\/20200707_133909-scaled-ov13icov8803r4yos43tdhygjgkzdlg3kr7e128ocg.jpg\" alt=\"20200707_133909\" \/><\/figure><\/div><div class=\"swiper-slide\" role=\"group\" aria-roledescription=\"slide\" aria-label=\"2 von 7\"><figure class=\"swiper-slide-inner\"><img decoding=\"async\" class=\"swiper-slide-image\" src=\"https:\/\/www.scout41.eu\/hp\/wp-content\/uploads\/elementor\/thumbs\/2020-07-31-17.53.00-ov14aphleathznrx7dcnlcd1nwtlkw0lh3op7k74n4.jpg\" alt=\"2020-07-31 17.53.00\" \/><\/figure><\/div><div class=\"swiper-slide\" role=\"group\" aria-roledescription=\"slide\" aria-label=\"3 von 7\"><figure class=\"swiper-slide-inner\"><img decoding=\"async\" class=\"swiper-slide-image\" src=\"https:\/\/www.scout41.eu\/hp\/wp-content\/uploads\/elementor\/thumbs\/20190710114842_Sommerlager_HaNeu_JP-scaled-okorlvzbhmhgptws6cddnwjrqt3zfn93r7foklsp4w.jpg\" alt=\"20190710114842_Sommerlager_HaNeu_JP\" \/><\/figure><\/div><div class=\"swiper-slide\" role=\"group\" aria-roledescription=\"slide\" aria-label=\"4 von 7\"><figure class=\"swiper-slide-inner\"><img decoding=\"async\" class=\"swiper-slide-image\" src=\"https:\/\/www.scout41.eu\/hp\/wp-content\/uploads\/elementor\/thumbs\/IMG-20200802-WA0007-ov14f75u1sytgl92zb8hi7kbu6oqctuffbw7r5jeww.jpg\" alt=\"IMG-20200802-WA0007\" \/><\/figure><\/div><div class=\"swiper-slide\" role=\"group\" aria-roledescription=\"slide\" aria-label=\"5 von 7\"><figure class=\"swiper-slide-inner\"><img decoding=\"async\" class=\"swiper-slide-image\" src=\"https:\/\/www.scout41.eu\/hp\/wp-content\/uploads\/elementor\/thumbs\/2020-08-01-11.54.02-ov14c48vncqzelq6yzaibzjxqpvf4jm3o2wx4i3vb4.jpg\" alt=\"2020-08-01 11.54.02\" \/><\/figure><\/div><div class=\"swiper-slide\" role=\"group\" aria-roledescription=\"slide\" aria-label=\"6 von 7\"><figure class=\"swiper-slide-inner\"><img decoding=\"async\" class=\"swiper-slide-image\" src=\"https:\/\/www.scout41.eu\/hp\/wp-content\/uploads\/elementor\/thumbs\/IMG_0693-scaled-e1600075569916-ovg4uszf0s83zawcwlrye5lrlqhawy93zn1p7wingg.jpg\" alt=\"IMG_0693\" \/><\/figure><\/div><div class=\"swiper-slide\" role=\"group\" aria-roledescription=\"slide\" aria-label=\"7 von 7\"><figure class=\"swiper-slide-inner\"><img decoding=\"async\" class=\"swiper-slide-image\" src=\"https:\/\/www.scout41.eu\/hp\/wp-content\/uploads\/elementor\/thumbs\/IMG_0692-scaled-ov143x3k1diy51mwufpnl2177qa5zl2dvi2gfm9hkw.jpg\" alt=\"IMG_0692\" \/><\/figure><\/div>\t\t\t<\/div>\n\t\t\t\t\t\t\t\t\t\t\t\t<div class=\"elementor-swiper-button elementor-swiper-button-prev\" role=\"button\" tabindex=\"0\">\n\t\t\t\t\t\t<i aria-hidden=\"true\" class=\"eicon-chevron-left\"><\/i>\t\t\t\t\t<\/div>\n\t\t\t\t\t<div class=\"elementor-swiper-button elementor-swiper-button-next\" role=\"button\" tabindex=\"0\">\n\t\t\t\t\t\t<i aria-hidden=\"true\" class=\"eicon-chevron-right\"><\/i>\t\t\t\t\t<\/div>\n\t\t\t\t\n\t\t\t\t\t\t\t\t\t<div class=\"swiper-pagination\"><\/div>\n\t\t\t\t\t\t\t\t\t<\/div>\n\t\t\t\t<\/div>\n\t\t\t\t<\/div>\n\t\t\t\t<div class=\"elementor-element elementor-element-2ca2edf elementor-widget elementor-widget-heading\" data-id=\"2ca2edf\" data-element_type=\"widget\" data-widget_type=\"heading.default\">\n\t\t\t\t<div class=\"elementor-widget-container\">\n\t\t\t<h1 class=\"elementor-heading-title elementor-size-default\">Gruppe 41 \u201eSt. Karl\u201c der Wiener Pfadfinder und Pfadfinderinnen<\/h1>\t\t<\/div>\n\t\t\t\t<\/div>\n\t\t\t\t\t<\/div>\n\t\t<\/div>\n\t\t\t\t\t<\/div>\n\t\t<\/section>\n\t\t\t\t<section class=\"elementor-section elementor-top-section elementor-element elementor-element-2cd26605 elementor-section-boxed elementor-section-height-default elementor-section-height-default\" data-id=\"2cd26605\" data-element_type=\"section\">\n\t\t\t\t\t\t<div class=\"elementor-container elementor-column-gap-default\">\n\t\t\t\t\t<div class=\"elementor-column elementor-col-50 elementor-top-column elementor-element elementor-element-479fe574\" data-id=\"479fe574\" data-element_type=\"column\">\n\t\t\t<div class=\"elementor-widget-wrap elementor-element-populated\">\n\t\t\t\t\t\t<div class=\"elementor-element elementor-element-58af7d2 elementor-widget elementor-widget-text-editor\" data-id=\"58af7d2\" data-element_type=\"widget\" data-widget_type=\"text-editor.default\">\n\t\t\t\t<div class=\"elementor-widget-container\">\n\t\t\t\t\t\t\t<p><strong>Willkommen bei den 41ern!<\/strong><\/p><ul><li>Wir sind DIE Pfadfindergruppe im vierten Bezirk; &#8211; klein aber fein &#8211; charakterisiert uns am besten. Durch die Gemeinschaft in kleinen Gruppen kann jeder das Pfadfindersein optimal (er)leben und seine pers\u00f6nlichen F\u00e4higkeiten entwickeln.<\/li><li>Wir sind aber auch international. Die Welt im Kleinen &#8211; so kommen auch Buben anderer Nationalit\u00e4ten gerne zu uns. \u00a0Es geh\u00f6rt in unserer Gruppe auch zur Tradition, dass einige als H\u00f6hepunkt ihres Pfadfinderlebens ein Welt-Jamboree besuchen. Und das ist dann der Hauch der gro\u00dfen Welt.<\/li><li>Wir sind eine reine Bubengruppe (man nennt das seedukativ), denn unsere Pfadfinderschwestern sind neben uns in der <a href=\"https:\/\/wien2.scout.at\/\" target=\"_blank\" rel=\"noopener\">Pfadfinderinnengruppe 2 &#8222;Hemma von Gurk&#8220;<\/a> organisiert. Gemeinsame Aktivit\u00e4ten gibt es trotzdem.<\/li><\/ul>\t\t\t\t\t\t<\/div>\n\t\t\t\t<\/div>\n\t\t\t\t\t<\/div>\n\t\t<\/div>\n\t\t\t\t<div class=\"elementor-column elementor-col-50 elementor-top-column elementor-element elementor-element-7efb4eb\" data-id=\"7efb4eb\" data-element_type=\"column\">\n\t\t\t<div class=\"elementor-widget-wrap elementor-element-populated\">\n\t\t\t\t\t\t<div class=\"elementor-element elementor-element-26182429 elementor-widget elementor-widget-image\" data-id=\"26182429\" data-element_type=\"widget\" data-widget_type=\"image.default\">\n\t\t\t\t<div class=\"elementor-widget-container\">\n\t\t\t\t\t\t\t\t\t\t\t\t\t<img decoding=\"async\" width=\"300\" height=\"264\" src=\"https:\/\/www.scout41.eu\/hp\/wp-content\/uploads\/2020\/09\/Karlskirche_Logo_Gruppe41-300x264.png\" class=\"attachment-medium size-medium wp-image-1594\" alt=\"\" srcset=\"https:\/\/www.scout41.eu\/hp\/wp-content\/uploads\/2020\/09\/Karlskirche_Logo_Gruppe41-300x264.png 300w, https:\/\/www.scout41.eu\/hp\/wp-content\/uploads\/2020\/09\/Karlskirche_Logo_Gruppe41-1024x901.png 1024w, https:\/\/www.scout41.eu\/hp\/wp-content\/uploads\/2020\/09\/Karlskirche_Logo_Gruppe41-768x676.png 768w, https:\/\/www.scout41.eu\/hp\/wp-content\/uploads\/2020\/09\/Karlskirche_Logo_Gruppe41.png 1227w\" sizes=\"(max-width: 300px) 100vw, 300px\" \/>\t\t\t\t\t\t\t\t\t\t\t\t\t<\/div>\n\t\t\t\t<\/div>\n\t\t\t\t\t<\/div>\n\t\t<\/div>\n\t\t\t\t\t<\/div>\n\t\t<\/section>\n\t\t\t\t<section class=\"elementor-section elementor-top-section elementor-element elementor-element-62f1ea0a elementor-section-boxed elementor-section-height-default elementor-section-height-default\" data-id=\"62f1ea0a\" data-element_type=\"section\" data-settings=\"{&quot;background_background&quot;:&quot;classic&quot;}\">\n\t\t\t\t\t\t<div class=\"elementor-container elementor-column-gap-default\">\n\t\t\t\t\t<div class=\"elementor-column elementor-col-100 elementor-top-column elementor-element elementor-element-74a3306\" data-id=\"74a3306\" data-element_type=\"column\">\n\t\t\t<div class=\"elementor-widget-wrap elementor-element-populated\">\n\t\t\t\t\t\t<div class=\"elementor-element elementor-element-1de8b4a elementor-widget elementor-widget-text-editor\" data-id=\"1de8b4a\" data-element_type=\"widget\" data-widget_type=\"text-editor.default\">\n\t\t\t\t<div class=\"elementor-widget-container\">\n\t\t\t\t\t\t\t<p style=\"text-align: center;\">Diese Homepage soll einen kurzen \u00dcberblick erm\u00f6glichen; aber besser ist, sich pers\u00f6nlich zu informieren und in eine Heimstunde hineinzuschnuppern!<br \/>Anfragen sind per E-mail oder Telefon (Sprachbox)\u00a0 willkommen:<br \/><a href=\"mailto:pfadfindergr.41@NOSPAMaon.at\"><strong> Email-Klick!<\/strong> <em>(&#8222;NOSPAM&#8220; bitte vor dem Senden l\u00f6schen)<\/em><\/a> &#8211; <strong>Telefon<\/strong> (01-)5043323<\/p>\t\t\t\t\t\t<\/div>\n\t\t\t\t<\/div>\n\t\t\t\t\t<\/div>\n\t\t<\/div>\n\t\t\t\t\t<\/div>\n\t\t<\/section>\n\t\t\t\t<section class=\"elementor-section elementor-top-section elementor-element elementor-element-1e79e258 elementor-section-full_width elementor-section-height-default elementor-section-height-default\" data-id=\"1e79e258\" data-element_type=\"section\">\n\t\t\t\t\t\t<div class=\"elementor-container elementor-column-gap-default\">\n\t\t\t\t\t<div class=\"elementor-column elementor-col-50 elementor-top-column elementor-element elementor-element-a6867cd\" data-id=\"a6867cd\" data-element_type=\"column\">\n\t\t\t<div class=\"elementor-widget-wrap elementor-element-populated\">\n\t\t\t\t\t\t<div class=\"elementor-element elementor-element-0096471 elementor-widget elementor-widget-heading\" data-id=\"0096471\" data-element_type=\"widget\" data-widget_type=\"heading.default\">\n\t\t\t\t<div class=\"elementor-widget-container\">\n\t\t\t<h2 class=\"elementor-heading-title elementor-size-default\">Heimstundenzeiten an Schultagen<\/h2>\t\t<\/div>\n\t\t\t\t<\/div>\n\t\t\t\t<section class=\"elementor-section elementor-inner-section elementor-element elementor-element-a613800 elementor-section-boxed elementor-section-height-default elementor-section-height-default\" data-id=\"a613800\" data-element_type=\"section\">\n\t\t\t\t\t\t<div class=\"elementor-container elementor-column-gap-default\">\n\t\t\t\t\t<div class=\"elementor-column elementor-col-100 elementor-inner-column elementor-element elementor-element-0d1852e\" data-id=\"0d1852e\" data-element_type=\"column\">\n\t\t\t<div class=\"elementor-widget-wrap\">\n\t\t\t\t\t\t\t<\/div>\n\t\t<\/div>\n\t\t\t\t\t<\/div>\n\t\t<\/section>\n\t\t\t\t<section class=\"elementor-section elementor-inner-section elementor-element elementor-element-e0f4a19 elementor-section-boxed elementor-section-height-default elementor-section-height-default\" data-id=\"e0f4a19\" data-element_type=\"section\">\n\t\t\t\t\t\t<div class=\"elementor-container elementor-column-gap-default\">\n\t\t\t\t\t<div class=\"elementor-column elementor-col-50 elementor-inner-column elementor-element elementor-element-3455e85\" data-id=\"3455e85\" data-element_type=\"column\">\n\t\t\t<div class=\"elementor-widget-wrap elementor-element-populated\">\n\t\t\t\t\t\t<div class=\"elementor-element elementor-element-c3f4e42 elementor-align-center elementor-widget elementor-widget-button\" data-id=\"c3f4e42\" data-element_type=\"widget\" data-widget_type=\"button.default\">\n\t\t\t\t<div class=\"elementor-widget-container\">\n\t\t\t\t\t<div class=\"elementor-button-wrapper\">\n\t\t\t<a class=\"elementor-button elementor-button-link elementor-size-sm\" href=\"http:\/\/www.scout41.eu\/hp\/?page_id=1675\">\n\t\t\t\t\t\t<span class=\"elementor-button-content-wrapper\">\n\t\t\t\t\t\t\t\t\t<span class=\"elementor-button-text\">W\u00f6lflinge<\/span>\n\t\t\t\t\t<\/span>\n\t\t\t\t\t<\/a>\n\t\t<\/div>\n\t\t\t\t<\/div>\n\t\t\t\t<\/div>\n\t\t\t\t\t<\/div>\n\t\t<\/div>\n\t\t\t\t<div class=\"elementor-column elementor-col-50 elementor-inner-column elementor-element elementor-element-5640a74\" data-id=\"5640a74\" data-element_type=\"column\">\n\t\t\t<div class=\"elementor-widget-wrap elementor-element-populated\">\n\t\t\t\t\t\t<div class=\"elementor-element elementor-element-d978229 elementor-widget elementor-widget-text-editor\" data-id=\"d978229\" data-element_type=\"widget\" data-widget_type=\"text-editor.default\">\n\t\t\t\t<div class=\"elementor-widget-container\">\n\t\t\t\t\t\t\t<p><u>Ab 7 Jahren (in Ausnahmef\u00e4llen ab 6):<\/u><br \/>jeden Montag, 16:00 &#8211; 18:00<em><br \/><\/em><\/p><p>Start am 8. September<\/p>\t\t\t\t\t\t<\/div>\n\t\t\t\t<\/div>\n\t\t\t\t\t<\/div>\n\t\t<\/div>\n\t\t\t\t\t<\/div>\n\t\t<\/section>\n\t\t\t\t<section class=\"elementor-section elementor-inner-section elementor-element elementor-element-626c21d elementor-section-boxed elementor-section-height-default elementor-section-height-default\" data-id=\"626c21d\" data-element_type=\"section\">\n\t\t\t\t\t\t<div class=\"elementor-container elementor-column-gap-default\">\n\t\t\t\t\t<div class=\"elementor-column elementor-col-50 elementor-inner-column elementor-element elementor-element-b616e61\" data-id=\"b616e61\" data-element_type=\"column\">\n\t\t\t<div class=\"elementor-widget-wrap elementor-element-populated\">\n\t\t\t\t\t\t<div class=\"elementor-element elementor-element-e2bf1e6 elementor-align-center elementor-widget elementor-widget-button\" data-id=\"e2bf1e6\" data-element_type=\"widget\" data-widget_type=\"button.default\">\n\t\t\t\t<div class=\"elementor-widget-container\">\n\t\t\t\t\t<div class=\"elementor-button-wrapper\">\n\t\t\t<a class=\"elementor-button elementor-button-link elementor-size-sm\" href=\"http:\/\/www.scout41.eu\/hp\/?page_id=1673\">\n\t\t\t\t\t\t<span class=\"elementor-button-content-wrapper\">\n\t\t\t\t\t\t\t\t\t<span class=\"elementor-button-text\">Sp\u00e4her<\/span>\n\t\t\t\t\t<\/span>\n\t\t\t\t\t<\/a>\n\t\t<\/div>\n\t\t\t\t<\/div>\n\t\t\t\t<\/div>\n\t\t\t\t\t<\/div>\n\t\t<\/div>\n\t\t\t\t<div class=\"elementor-column elementor-col-50 elementor-inner-column elementor-element elementor-element-cb95339\" data-id=\"cb95339\" data-element_type=\"column\">\n\t\t\t<div class=\"elementor-widget-wrap elementor-element-populated\">\n\t\t\t\t\t\t<div class=\"elementor-element elementor-element-c3a7dd0 elementor-widget elementor-widget-text-editor\" data-id=\"c3a7dd0\" data-element_type=\"widget\" data-widget_type=\"text-editor.default\">\n\t\t\t\t<div class=\"elementor-widget-container\">\n\t\t\t\t\t\t\t<p><u>Ab 10 Jahren:<\/u><br \/>jeden Dienstag, 18:30 &#8211; 20:00<em><br \/><\/em><\/p><p>Start am 9. September<\/p>\t\t\t\t\t\t<\/div>\n\t\t\t\t<\/div>\n\t\t\t\t\t<\/div>\n\t\t<\/div>\n\t\t\t\t\t<\/div>\n\t\t<\/section>\n\t\t\t\t<section class=\"elementor-section elementor-inner-section elementor-element elementor-element-eb6157c elementor-section-boxed elementor-section-height-default elementor-section-height-default\" data-id=\"eb6157c\" data-element_type=\"section\">\n\t\t\t\t\t\t<div class=\"elementor-container elementor-column-gap-default\">\n\t\t\t\t\t<div class=\"elementor-column elementor-col-50 elementor-inner-column elementor-element elementor-element-77e7f4b\" data-id=\"77e7f4b\" data-element_type=\"column\">\n\t\t\t<div class=\"elementor-widget-wrap elementor-element-populated\">\n\t\t\t\t\t\t<div class=\"elementor-element elementor-element-24c80d7 elementor-align-center elementor-widget elementor-widget-button\" data-id=\"24c80d7\" data-element_type=\"widget\" data-widget_type=\"button.default\">\n\t\t\t\t<div class=\"elementor-widget-container\">\n\t\t\t\t\t<div class=\"elementor-button-wrapper\">\n\t\t\t<a class=\"elementor-button elementor-button-link elementor-size-sm\" href=\"http:\/\/www.scout41.eu\/hp\/?page_id=1671\">\n\t\t\t\t\t\t<span class=\"elementor-button-content-wrapper\">\n\t\t\t\t\t\t\t\t\t<span class=\"elementor-button-text\">Explorer<\/span>\n\t\t\t\t\t<\/span>\n\t\t\t\t\t<\/a>\n\t\t<\/div>\n\t\t\t\t<\/div>\n\t\t\t\t<\/div>\n\t\t\t\t\t<\/div>\n\t\t<\/div>\n\t\t\t\t<div class=\"elementor-column elementor-col-50 elementor-inner-column elementor-element elementor-element-95b0cf8\" data-id=\"95b0cf8\" data-element_type=\"column\">\n\t\t\t<div class=\"elementor-widget-wrap elementor-element-populated\">\n\t\t\t\t\t\t<div class=\"elementor-element elementor-element-2e53e53 elementor-widget elementor-widget-text-editor\" data-id=\"2e53e53\" data-element_type=\"widget\" data-widget_type=\"text-editor.default\">\n\t\t\t\t<div class=\"elementor-widget-container\">\n\t\t\t\t\t\t\t<p><u>Ab 13 Jahren:<\/u><br \/>jeden Mittwoch, 18:00-20:00 Uhr\u00a0<\/p><p>Start am 10. September<\/p>\t\t\t\t\t\t<\/div>\n\t\t\t\t<\/div>\n\t\t\t\t\t<\/div>\n\t\t<\/div>\n\t\t\t\t\t<\/div>\n\t\t<\/section>\n\t\t\t\t<section class=\"elementor-section elementor-inner-section elementor-element elementor-element-27a1f93 elementor-section-boxed elementor-section-height-default elementor-section-height-default\" data-id=\"27a1f93\" data-element_type=\"section\">\n\t\t\t\t\t\t<div class=\"elementor-container elementor-column-gap-default\">\n\t\t\t\t\t<div class=\"elementor-column elementor-col-50 elementor-inner-column elementor-element elementor-element-b2162b7\" data-id=\"b2162b7\" data-element_type=\"column\">\n\t\t\t<div class=\"elementor-widget-wrap elementor-element-populated\">\n\t\t\t\t\t\t<div class=\"elementor-element elementor-element-86424e2 elementor-align-center elementor-widget elementor-widget-button\" data-id=\"86424e2\" data-element_type=\"widget\" data-widget_type=\"button.default\">\n\t\t\t\t<div class=\"elementor-widget-container\">\n\t\t\t\t\t<div class=\"elementor-button-wrapper\">\n\t\t\t<a class=\"elementor-button elementor-button-link elementor-size-sm\" href=\"http:\/\/www.scout41.eu\/hp\/?page_id=1667\">\n\t\t\t\t\t\t<span class=\"elementor-button-content-wrapper\">\n\t\t\t\t\t\t\t\t\t<span class=\"elementor-button-text\">Rover<\/span>\n\t\t\t\t\t<\/span>\n\t\t\t\t\t<\/a>\n\t\t<\/div>\n\t\t\t\t<\/div>\n\t\t\t\t<\/div>\n\t\t\t\t\t<\/div>\n\t\t<\/div>\n\t\t\t\t<div class=\"elementor-column elementor-col-50 elementor-inner-column elementor-element elementor-element-857a456\" data-id=\"857a456\" data-element_type=\"column\">\n\t\t\t<div class=\"elementor-widget-wrap elementor-element-populated\">\n\t\t\t\t\t\t<div class=\"elementor-element elementor-element-67f290c elementor-widget elementor-widget-text-editor\" data-id=\"67f290c\" data-element_type=\"widget\" data-widget_type=\"text-editor.default\">\n\t\t\t\t<div class=\"elementor-widget-container\">\n\t\t\t\t\t\t\t<p><u>Ab 16 Jahren:<\/u><br \/>jeweils nach Vereinbarung<\/p>\t\t\t\t\t\t<\/div>\n\t\t\t\t<\/div>\n\t\t\t\t\t<\/div>\n\t\t<\/div>\n\t\t\t\t\t<\/div>\n\t\t<\/section>\n\t\t\t\t\t<\/div>\n\t\t<\/div>\n\t\t\t\t<div class=\"elementor-column elementor-col-50 elementor-top-column elementor-element elementor-element-12fb16f3\" data-id=\"12fb16f3\" data-element_type=\"column\">\n\t\t\t<div class=\"elementor-widget-wrap elementor-element-populated\">\n\t\t\t\t\t\t<div class=\"elementor-element elementor-element-52c90222 elementor-invisible elementor-widget elementor-widget-text-editor\" data-id=\"52c90222\" data-element_type=\"widget\" data-settings=\"{&quot;_animation&quot;:&quot;fadeInUp&quot;}\" data-widget_type=\"text-editor.default\">\n\t\t\t\t<div class=\"elementor-widget-container\">\n\t\t\t\t\t\t\t<p><strong>Wo finden Sie uns?<\/strong><br \/>1040 WIEN, Kreuzherrengasse 1<br \/>So finden sie uns: U1, U2, U4 Station Karlsplatz, durch den Resselpark und an der TU Wien vorbei; dann gleich hinter der Karlskirche im Kreuzherrenhaus! <em>(Bitte beim Haustor l\u00e4uten!)<\/em><\/p>\t\t\t\t\t\t<\/div>\n\t\t\t\t<\/div>\n\t\t\t\t<section class=\"elementor-section elementor-inner-section elementor-element elementor-element-470d5d21 elementor-section-boxed elementor-section-height-default elementor-section-height-default elementor-invisible\" data-id=\"470d5d21\" data-element_type=\"section\" data-settings=\"{&quot;animation&quot;:&quot;fadeInUp&quot;}\">\n\t\t\t\t\t\t<div class=\"elementor-container elementor-column-gap-default\">\n\t\t\t\t\t<div class=\"elementor-column elementor-col-100 elementor-inner-column elementor-element elementor-element-6505bae8\" data-id=\"6505bae8\" data-element_type=\"column\">\n\t\t\t<div class=\"elementor-widget-wrap elementor-element-populated\">\n\t\t\t\t\t\t<div class=\"elementor-element elementor-element-788bb7df elementor-widget elementor-widget-google_maps\" data-id=\"788bb7df\" data-element_type=\"widget\" data-widget_type=\"google_maps.default\">\n\t\t\t\t<div class=\"elementor-widget-container\">\n\t\t\t\t\t<div class=\"elementor-custom-embed\">\n\t\t\t<iframe loading=\"lazy\"\n\t\t\t\t\tsrc=\"https:\/\/maps.google.com\/maps?q=Wiener%20Pfadfinder%20u%20Pfadfinderinnen%20-%20Gruppe%2041&#038;t=m&#038;z=15&#038;output=embed&#038;iwloc=near\"\n\t\t\t\t\ttitle=\"Wiener Pfadfinder u Pfadfinderinnen - Gruppe 41\"\n\t\t\t\t\taria-label=\"Wiener Pfadfinder u Pfadfinderinnen - Gruppe 41\"\n\t\t\t><\/iframe>\n\t\t<\/div>\n\t\t\t\t<\/div>\n\t\t\t\t<\/div>\n\t\t\t\t\t<\/div>\n\t\t<\/div>\n\t\t\t\t\t<\/div>\n\t\t<\/section>\n\t\t\t\t\t<\/div>\n\t\t<\/div>\n\t\t\t\t\t<\/div>\n\t\t<\/section>\n\t\t\t\t<\/div>\n\t\t","protected":false},"excerpt":{"rendered":"<p>Gruppe 41 \u201eSt. Karl\u201c der Wiener Pfadfinder und Pfadfinderinnen Willkommen bei den 41ern! Wir sind DIE Pfadfindergruppe im vierten Bezirk; &#8211; klein aber fein &#8211; charakterisiert uns am besten. Durch die Gemeinschaft in kleinen Gruppen kann jeder das Pfadfindersein optimal (er)leben und seine pers\u00f6nlichen F\u00e4higkeiten entwickeln. Wir sind aber auch international. Die Welt im Kleinen [&hellip;]<\/p>\n","protected":false},"author":1,"featured_media":0,"parent":0,"menu_order":0,"comment_status":"closed","ping_status":"closed","template":"","meta":{"footnotes":""},"class_list":["post-1588","page","type-page","status-publish","hentry","entry"],"_links":{"self":[{"href":"https:\/\/www.scout41.eu\/hp\/index.php?rest_route=\/wp\/v2\/pages\/1588","targetHints":{"allow":["GET"]}}],"collection":[{"href":"https:\/\/www.scout41.eu\/hp\/index.php?rest_route=\/wp\/v2\/pages"}],"about":[{"href":"https:\/\/www.scout41.eu\/hp\/index.php?rest_route=\/wp\/v2\/types\/page"}],"author":[{"embeddable":true,"href":"https:\/\/www.scout41.eu\/hp\/index.php?rest_route=\/wp\/v2\/users\/1"}],"replies":[{"embeddable":true,"href":"https:\/\/www.scout41.eu\/hp\/index.php?rest_route=%2Fwp%2Fv2%2Fcomments&post=1588"}],"version-history":[{"count":202,"href":"https:\/\/www.scout41.eu\/hp\/index.php?rest_route=\/wp\/v2\/pages\/1588\/revisions"}],"predecessor-version":[{"id":2694,"href":"https:\/\/www.scout41.eu\/hp\/index.php?rest_route=\/wp\/v2\/pages\/1588\/revisions\/2694"}],"wp:attachment":[{"href":"https:\/\/www.scout41.eu\/hp\/index.php?rest_route=%2Fwp%2Fv2%2Fmedia&parent=1588"}],"curies":[{"name":"wp","href":"https:\/\/api.w.org\/{rel}","templated":true}]}}