{"id":1394,"date":"2019-07-24T15:50:26","date_gmt":"2019-07-24T13:50:26","guid":{"rendered":"https:\/\/beispielwebsite.das-ppoe.at\/?page_id=1394"},"modified":"2020-09-05T23:39:13","modified_gmt":"2020-09-05T21:39:13","slug":"altersstufen","status":"publish","type":"page","link":"https:\/\/www.scout41.eu\/hp\/?page_id=1394","title":{"rendered":"Altersstufen"},"content":{"rendered":"\t\t<div data-elementor-type=\"wp-post\" data-elementor-id=\"1394\" class=\"elementor elementor-1394\">\n\t\t\t\t\t\t<section class=\"elementor-section elementor-top-section elementor-element elementor-element-45585c4 elementor-section-full_width elementor-section-height-default elementor-section-height-default\" data-id=\"45585c4\" data-element_type=\"section\" data-settings=\"{&quot;background_background&quot;:&quot;classic&quot;}\">\n\t\t\t\t\t\t<div class=\"elementor-container elementor-column-gap-no\">\n\t\t\t\t\t<div class=\"elementor-column elementor-col-100 elementor-top-column elementor-element elementor-element-7353aa1\" data-id=\"7353aa1\" data-element_type=\"column\">\n\t\t\t<div class=\"elementor-widget-wrap elementor-element-populated\">\n\t\t\t\t\t\t<div class=\"elementor-element elementor-element-67cb360 elementor-pagination-position-inside elementor-arrows-position-inside elementor-widget elementor-widget-image-carousel\" data-id=\"67cb360\" data-element_type=\"widget\" data-settings=\"{&quot;slides_to_show&quot;:&quot;1&quot;,&quot;pause_on_hover&quot;:&quot;no&quot;,&quot;navigation&quot;:&quot;both&quot;,&quot;autoplay&quot;:&quot;yes&quot;,&quot;pause_on_interaction&quot;:&quot;yes&quot;,&quot;autoplay_speed&quot;:5000,&quot;infinite&quot;:&quot;yes&quot;,&quot;effect&quot;:&quot;slide&quot;,&quot;speed&quot;:500}\" data-widget_type=\"image-carousel.default\">\n\t\t\t\t<div class=\"elementor-widget-container\">\n\t\t\t\t\t<div class=\"elementor-image-carousel-wrapper swiper\" dir=\"ltr\">\n\t\t\t<div class=\"elementor-image-carousel swiper-wrapper\" aria-live=\"off\">\n\t\t\t\t\t\t\t\t<div class=\"swiper-slide\" role=\"group\" aria-roledescription=\"slide\" aria-label=\"1 von 7\"><figure class=\"swiper-slide-inner\"><img decoding=\"async\" class=\"swiper-slide-image\" src=\"https:\/\/www.scout41.eu\/hp\/wp-content\/uploads\/elementor\/thumbs\/20190710114842_Sommerlager_HaNeu_JP-scaled-okorlvzbhmhgptws6cddnwjrqt3zfn93r7foklsp4w.jpg\" alt=\"20190710114842_Sommerlager_HaNeu_JP\" \/><\/figure><\/div><div class=\"swiper-slide\" role=\"group\" aria-roledescription=\"slide\" aria-label=\"2 von 7\"><figure class=\"swiper-slide-inner\"><img decoding=\"async\" class=\"swiper-slide-image\" src=\"https:\/\/www.scout41.eu\/hp\/wp-content\/uploads\/elementor\/thumbs\/20200707_133909-scaled-ov13icov8803r4yos43tdhygjgkzdlg3kr7e128ocg.jpg\" alt=\"20200707_133909\" \/><\/figure><\/div><div class=\"swiper-slide\" role=\"group\" aria-roledescription=\"slide\" aria-label=\"3 von 7\"><figure class=\"swiper-slide-inner\"><img decoding=\"async\" class=\"swiper-slide-image\" src=\"https:\/\/www.scout41.eu\/hp\/wp-content\/uploads\/elementor\/thumbs\/2020-07-31-17.53.00-ov14aphleathznrx7dcnlcd1nwtlkw0lh3op7k74n4.jpg\" alt=\"2020-07-31 17.53.00\" \/><\/figure><\/div><div class=\"swiper-slide\" role=\"group\" aria-roledescription=\"slide\" aria-label=\"4 von 7\"><figure class=\"swiper-slide-inner\"><img decoding=\"async\" class=\"swiper-slide-image\" src=\"https:\/\/www.scout41.eu\/hp\/wp-content\/uploads\/elementor\/thumbs\/2020-08-01-11.54.02-ov14c48vncqzelq6yzaibzjxqpvf4jm3o2wx4i3vb4.jpg\" alt=\"2020-08-01 11.54.02\" \/><\/figure><\/div><div class=\"swiper-slide\" role=\"group\" aria-roledescription=\"slide\" aria-label=\"5 von 7\"><figure class=\"swiper-slide-inner\"><img decoding=\"async\" class=\"swiper-slide-image\" src=\"https:\/\/www.scout41.eu\/hp\/wp-content\/uploads\/elementor\/thumbs\/IMG_0693-scaled-e1600075569916-ovg4uszf0s83zawcwlrye5lrlqhawy93zn1p7wingg.jpg\" alt=\"IMG_0693\" \/><\/figure><\/div><div class=\"swiper-slide\" role=\"group\" aria-roledescription=\"slide\" aria-label=\"6 von 7\"><figure class=\"swiper-slide-inner\"><img decoding=\"async\" class=\"swiper-slide-image\" src=\"https:\/\/www.scout41.eu\/hp\/wp-content\/uploads\/elementor\/thumbs\/IMG_0692-scaled-ov143x3k1diy51mwufpnl2177qa5zl2dvi2gfm9hkw.jpg\" alt=\"IMG_0692\" \/><\/figure><\/div><div class=\"swiper-slide\" role=\"group\" aria-roledescription=\"slide\" aria-label=\"7 von 7\"><figure class=\"swiper-slide-inner\"><img decoding=\"async\" class=\"swiper-slide-image\" src=\"https:\/\/www.scout41.eu\/hp\/wp-content\/uploads\/elementor\/thumbs\/IMG-20200802-WA0007-ov14f75u1sytgl92zb8hi7kbu6oqctuffbw7r5jeww.jpg\" alt=\"IMG-20200802-WA0007\" \/><\/figure><\/div>\t\t\t<\/div>\n\t\t\t\t\t\t\t\t\t\t\t\t<div class=\"elementor-swiper-button elementor-swiper-button-prev\" role=\"button\" tabindex=\"0\">\n\t\t\t\t\t\t<i aria-hidden=\"true\" class=\"eicon-chevron-left\"><\/i>\t\t\t\t\t<\/div>\n\t\t\t\t\t<div class=\"elementor-swiper-button elementor-swiper-button-next\" role=\"button\" tabindex=\"0\">\n\t\t\t\t\t\t<i aria-hidden=\"true\" class=\"eicon-chevron-right\"><\/i>\t\t\t\t\t<\/div>\n\t\t\t\t\n\t\t\t\t\t\t\t\t\t<div class=\"swiper-pagination\"><\/div>\n\t\t\t\t\t\t\t\t\t<\/div>\n\t\t\t\t<\/div>\n\t\t\t\t<\/div>\n\t\t\t\t\t<\/div>\n\t\t<\/div>\n\t\t\t\t\t<\/div>\n\t\t<\/section>\n\t\t\t\t<section class=\"elementor-section elementor-top-section elementor-element elementor-element-839475d elementor-section-full_width elementor-section-height-default elementor-section-height-default\" data-id=\"839475d\" data-element_type=\"section\">\n\t\t\t\t\t\t<div class=\"elementor-container elementor-column-gap-no\">\n\t\t\t\t\t<div class=\"elementor-column elementor-col-100 elementor-top-column elementor-element elementor-element-ecdb73c\" data-id=\"ecdb73c\" data-element_type=\"column\">\n\t\t\t<div class=\"elementor-widget-wrap elementor-element-populated\">\n\t\t\t\t\t\t<div class=\"elementor-element elementor-element-fcf6d67 elementor-widget elementor-widget-heading\" data-id=\"fcf6d67\" data-element_type=\"widget\" data-widget_type=\"heading.default\">\n\t\t\t\t<div class=\"elementor-widget-container\">\n\t\t\t<h1 class=\"elementor-heading-title elementor-size-default\">Wie werde ich Pfadfinder?<\/h1>\t\t<\/div>\n\t\t\t\t<\/div>\n\t\t\t\t\t<\/div>\n\t\t<\/div>\n\t\t\t\t\t<\/div>\n\t\t<\/section>\n\t\t\t\t<section class=\"elementor-section elementor-top-section elementor-element elementor-element-7386721 elementor-section-boxed elementor-section-height-default elementor-section-height-default\" data-id=\"7386721\" data-element_type=\"section\">\n\t\t\t\t\t\t<div class=\"elementor-container elementor-column-gap-default\">\n\t\t\t\t\t<div class=\"elementor-column elementor-col-100 elementor-top-column elementor-element elementor-element-57b263b\" data-id=\"57b263b\" data-element_type=\"column\">\n\t\t\t<div class=\"elementor-widget-wrap elementor-element-populated\">\n\t\t\t\t\t\t<div class=\"elementor-element elementor-element-9ee5417 elementor-widget elementor-widget-text-editor\" data-id=\"9ee5417\" data-element_type=\"widget\" data-widget_type=\"text-editor.default\">\n\t\t\t\t<div class=\"elementor-widget-container\">\n\t\t\t\t\t\t\t<h2>Du m\u00f6chtest Mitglied der weltweiten Pfadfinderbewegung werden?<br \/>Der Weg ist ganz einfach:<br \/>Suche die richtige Altersstufe f\u00fcr dich aus:<\/h2><p><a href=\"http:\/\/www.scout41.eu\/hp\/?page_id=1675\">W\u00f6lflinge<\/a>: 7 &#8211; 10 Jahre<br \/><a href=\"http:\/\/www.scout41.eu\/hp\/?page_id=1673\">Sp\u00e4her<\/a>: 10 &#8211; 13 Jahre<br \/><a href=\"http:\/\/www.scout41.eu\/hp\/?page_id=1671\">Explorer<\/a>: 13 &#8211; 16 Jahre<br \/><a href=\"http:\/\/www.scout41.eu\/hp\/?page_id=1667\">Rover<\/a>: 16 &#8211; 19 Jahre<\/p><h2>Frage deine Eltern um Erlaubnis, komm zu einer unserer Heimstunden und lerne die anderen Pfadfinder kennen!<br \/>Die Heimstundenzeiten findest du auf der <a href=\"http:\/\/www.scout41.eu\/hp\/\">Startseite<\/a>. Wenn m\u00f6glich, nimm vorher Kontakt mit uns auf.<\/h2><h2>Wenn du ein paar Heimstunden besucht hast und es dir gut gef\u00e4llt, dann m\u00fcssen deine Eltern bei uns deinen Beitritt best\u00e4tigen!<\/h2>\t\t\t\t\t\t<\/div>\n\t\t\t\t<\/div>\n\t\t\t\t\t<\/div>\n\t\t<\/div>\n\t\t\t\t\t<\/div>\n\t\t<\/section>\n\t\t\t\t<\/div>\n\t\t","protected":false},"excerpt":{"rendered":"<p>Zur\u00fcck Weiter Wie werde ich Pfadfinder? Du m\u00f6chtest Mitglied der weltweiten Pfadfinderbewegung werden?Der Weg ist ganz einfach:Suche die richtige Altersstufe f\u00fcr dich aus: W\u00f6lflinge: 7 &#8211; 10 JahreSp\u00e4her: 10 &#8211; 13 JahreExplorer: 13 &#8211; 16 JahreRover: 16 &#8211; 19 Jahre Frage deine Eltern um Erlaubnis, komm zu einer unserer Heimstunden und lerne die anderen Pfadfinder [&hellip;]<\/p>\n","protected":false},"author":1,"featured_media":0,"parent":0,"menu_order":0,"comment_status":"closed","ping_status":"closed","template":"elementor_header_footer","meta":{"footnotes":""},"class_list":["post-1394","page","type-page","status-publish","hentry","entry"],"_links":{"self":[{"href":"https:\/\/www.scout41.eu\/hp\/index.php?rest_route=\/wp\/v2\/pages\/1394","targetHints":{"allow":["GET"]}}],"collection":[{"href":"https:\/\/www.scout41.eu\/hp\/index.php?rest_route=\/wp\/v2\/pages"}],"about":[{"href":"https:\/\/www.scout41.eu\/hp\/index.php?rest_route=\/wp\/v2\/types\/page"}],"author":[{"embeddable":true,"href":"https:\/\/www.scout41.eu\/hp\/index.php?rest_route=\/wp\/v2\/users\/1"}],"replies":[{"embeddable":true,"href":"https:\/\/www.scout41.eu\/hp\/index.php?rest_route=%2Fwp%2Fv2%2Fcomments&post=1394"}],"version-history":[{"count":9,"href":"https:\/\/www.scout41.eu\/hp\/index.php?rest_route=\/wp\/v2\/pages\/1394\/revisions"}],"predecessor-version":[{"id":1677,"href":"https:\/\/www.scout41.eu\/hp\/index.php?rest_route=\/wp\/v2\/pages\/1394\/revisions\/1677"}],"wp:attachment":[{"href":"https:\/\/www.scout41.eu\/hp\/index.php?rest_route=%2Fwp%2Fv2%2Fmedia&parent=1394"}],"curies":[{"name":"wp","href":"https:\/\/api.w.org\/{rel}","templated":true}]}}