{"id":1328,"date":"2020-02-07T11:19:00","date_gmt":"2020-02-07T10:19:00","guid":{"rendered":"https:\/\/beispielwebsite.das-ppoe.at\/?page_id=1328"},"modified":"2020-02-07T23:47:07","modified_gmt":"2020-02-07T22:47:07","slug":"datenschutz","status":"publish","type":"page","link":"https:\/\/www.scout41.eu\/hp\/?page_id=1328","title":{"rendered":"Datenschutz"},"content":{"rendered":"\t\t<div data-elementor-type=\"wp-post\" data-elementor-id=\"1328\" class=\"elementor elementor-1328\">\n\t\t\t\t\t\t<section class=\"elementor-section elementor-top-section elementor-element elementor-element-703c32b elementor-section-boxed elementor-section-height-default elementor-section-height-default\" data-id=\"703c32b\" data-element_type=\"section\">\n\t\t\t\t\t\t<div class=\"elementor-container elementor-column-gap-default\">\n\t\t\t\t\t<div class=\"elementor-column elementor-col-100 elementor-top-column elementor-element elementor-element-ba9f0a1\" data-id=\"ba9f0a1\" data-element_type=\"column\">\n\t\t\t<div class=\"elementor-widget-wrap elementor-element-populated\">\n\t\t\t\t\t\t<div class=\"elementor-element elementor-element-49d1d30 elementor-widget elementor-widget-text-editor\" data-id=\"49d1d30\" data-element_type=\"widget\" data-widget_type=\"text-editor.default\">\n\t\t\t\t<div class=\"elementor-widget-container\">\n\t\t\t\t\t\t\t<h1><span style=\"color: #000000;\">Information zur Verwendung Ihrer Daten<\/span><\/h1><p><span style=\"color: #333333;\">Hiermit informieren wir Sie \u00fcber die Verarbeitung Ihrer personenbezogenen Daten durch die Pfadfinder und Pfadfinderinnen und die Ihnen nach dem Datenschutzrecht zustehenden Rechte.<\/span><\/p><h2><span style=\"color: #000000;\">Verantwortlicher f\u00fcr die Datenverarbeitung<\/span><\/h2><p style=\"padding-left: 40px;\"><span style=\"color: #000000;\"><b>Gruppe 41 &#8222;St. Karl&#8220; der Wiener Pfadfinder und Pfadfinderinnen (Pfadfindergruppe Wien 41 &#8222;St. Karl&#8220;)<\/b><\/span><br \/><span style=\"color: #000000;\">1040 Wien, Kreuzherrengasse 1<\/span><br \/><span style=\"color: #000000;\">Tel. +43-1-5043323<\/span><br \/><span style=\"color: #000000;\">E-Mail: <i>pfadfindergr.41\u00a0 \u00a0 \u00a0@\u00a0 \u00a0 \u00a0aon.at<\/i>\u00a0 (Leerzeichen vor Verwendung l\u00f6schen!)<\/span><br \/><span style=\"color: #333333;\"><br \/>Kontaktpersonen f\u00fcr Anfragen zum Datenschutz sind die jeweiligen nach Vereinsrecht f\u00fcr die Vertretung zust\u00e4ndigen Personen, die im &#8222;<\/span><span style=\"color: #333333; font-family: Signika; font-size: 15px; font-style: normal; font-variant-ligatures: normal; font-variant-caps: normal; font-weight: 100;\">Zentralen Vereinsregister&#8220;<\/span><span style=\"color: #333333; font-family: Signika; font-size: 15px; font-style: normal; font-variant-ligatures: normal; font-variant-caps: normal; font-weight: 100;\">\u00a0<\/span><span style=\"color: #333333; font-family: Signika; font-size: 15px; font-style: normal; font-variant-ligatures: normal; font-variant-caps: normal; font-weight: 100;\">(ZVR) unter der\u00a0<\/span><span style=\"font-family: Signika; font-size: 15px; font-style: normal; font-variant-ligatures: normal; font-variant-caps: normal; font-weight: 100; color: #333333;\">Zahl:\u00a0<\/span><span style=\"font-family: Signika; font-size: 15px; font-style: normal; font-variant-ligatures: normal; font-variant-caps: normal; font-weight: 100;\">1386344377<\/span><span style=\"font-family: Signika; font-size: 15px; font-style: normal; font-variant-ligatures: normal; font-variant-caps: normal; font-weight: 100; color: #333333;\">\u00a0<\/span><span style=\"font-size: 15px; color: #333333;\">eingesehen werden k\u00f6nnen.\u00a0<\/span><span style=\"color: #333333; font-size: 15px;\">Link zum ZVR: <i>https:\/\/citizen.bmi.gv.at\/at.gv.bmi.fnsweb-p\/zvn\/public\/Registerauszug<\/i><\/span><\/p><h2><span style=\"color: #000000;\">Zwecke und Rechtsgrundlagen der Datenverarbeitung<\/span><\/h2><p style=\"padding-left: 40px;\"><span style=\"color: #333333;\">Wir verarbeiten Ihre personenbezogenen Daten auf Grund der datenschutzrechtlich relevanten Bestimmungen der EU-Datenschutz-Grundverordnung (DSGVO), des Datenschutzgesetzes (DSG), sowie aller weiteren ma\u00dfgeblichen Gesetze.<\/span><\/p><p style=\"padding-left: 40px;\"><span style=\"color: #333333;\">F\u00fcr die Begr\u00fcndung der Mitgliedschaft in unserem Verein ben\u00f6tigen wir die bei der Anmeldung abgefragten pers\u00f6nlichen Daten. Diese werden in der<\/span> zentralen Mitgliederverwaltungsdatenbank SCOREG und in unserer in Microsoft Office gef\u00fchrten Mitgliederliste <span style=\"color: #333333;\">gespeichert und verarbeitet. Zus\u00e4tzlich werden die im Zuge einer Pfadfinderkarriere anfallenden Ereignisdaten und Ausbildungsschritte ebenfalls gespeichert. Der Zweck, diese Daten zu verarbeiten besteht darin, unsere Mitglieder beim Landesverband &#8222;Wiener Pfadfinder und Pfadfinderinnen&#8220; (WPP), 1160 Wien, Hasnerstra\u00dfe 41, beim Bundesverband &#8222;Pfadfinder und Pfadfinderinnen \u00d6sterreichs (PP\u00d6), 1170 Wien, St\u00f6berplatz 12\u00a0 und bei den Weltverb\u00e4nden &#8222;World Organization of the Scout Movement&#8220; (WOSM) und &#8222;World Association of Girl Guides and Girl Scouts&#8220; (WAGGGS) der Pfadfinderbewegung zu registrieren, mit unseren Mitgliedern in Kontakt treten zu k\u00f6nnen und diese in ihrem Pfadfinderleben zu begleiten. (Grundlage: DSGVO Artikel 6, 1b \u201ef\u00fcr die Erf\u00fcllung eines Vertrags\u201c).<\/span><br \/><span style=\"color: #333333;\">Die Daten unserer Mitglieder werden auch nach Ende der aktiven Mitgliedschaft nicht automatisch gel\u00f6scht. Erst durch den ausdr\u00fccklich und schriftlich erkl\u00e4rten Austritt werden jene Daten mit Personenbezug anonymisiert.<\/span><br \/><span style=\"color: #333333;\">Pers\u00f6nliche Daten von Nichtmitgliedern werden von uns nur dann gespeichert, wenn wir diese f\u00fcr unsere Vereinst\u00e4tigkeit zwingend ben\u00f6tigen. Dies k\u00f6nnen sein:<\/span><\/p><ul><li style=\"list-style-type: none;\"><ul><li style=\"list-style-type: none;\"><ul><li><span style=\"color: #333333;\">Kontaktdaten der Eltern oder anderer erziehungsberechtigter Personen unserer Mitglieder<\/span><\/li><li><span style=\"color: #333333;\">Sonstige Personen (Kontakte) zum Zwecke der Kontaktaufnahme oder Zusendung von Verbandszeitschriften oder anderen Medien<\/span><\/li><\/ul><\/li><\/ul><\/li><\/ul><h2><span style=\"font-size: 20px;\">Kategorien von Empf\u00e4ngern der personenbezogenen Daten<\/span><\/h2><p style=\"padding-left: 40px;\"><span style=\"color: #333333;\">Im Rahmen unserer Vereinst\u00e4tigkeit werden die Daten im erforderlichen Umfang \u00fcber die zentrale Mitgliederverwaltungsdatenbank SCOREG an Mitgliedsorganisationen der\u00a0&#8222;Pfadfinder und Pfadfinderinnen \u00d6sterreichs&#8220; (PP\u00d6), St\u00f6berplatz 12, 1170 Wien) weitergegeben bzw. Zugriff darauf gew\u00e4hrt.\u00a0<\/span><span style=\"color: #333333;\">Wenn es im Rahmen von \u00f6ffentlichen F\u00f6rderungen, auf Grund von beh\u00f6rdlichen Anfragen oder bei Versicherungsf\u00e4llen erforderlich ist, werden die daf\u00fcr erforderlichen Daten, wie insbesondere Name, Geschlecht, Geburtsdatum und allenfalls Funktion in unserem Verein an diese Stellen weitergegeben.<\/span><\/p><h2><span style=\"color: #000000;\">Daten besonderer Kategorie: \u201eGesundheitsdaten\u201c<\/span><\/h2><p style=\"padding-left: 40px;\"><span style=\"color: #333333;\">F\u00fcr die Betreuung von Kindern und Jugendlichen kann es wichtig sein, dass die jeweilige verantwortliche Person die speziellen Gesundheitsdaten kennen sollte. Diese und allenfalls andere sensible Daten werden nur zu bestimmten Zwecken (z.B. Teilnahme an Lagern) erhoben und jedenfalls nach Wegfall dieses Zweckes wieder vernichtet oder gel\u00f6scht.<\/span><\/p><h2 style=\"font-variant-ligatures: normal; font-variant-caps: normal; font-family: Signika; font-style: normal;\"><span style=\"font-size: 20px; font-weight: 600;\">Rechte an Bildern<\/span><\/h2><p style=\"font-variant-ligatures: normal; font-variant-caps: normal; font-family: Signika; font-size: 15px; font-style: normal; font-weight: 400; padding-left: 40px;\">Im Rahmen der Vereinsaktivit\u00e4ten aufgenommene Fotos, sofern diese nicht eine Person in einer h\u00f6chstpers\u00f6nlichen Lebenssituation oder in einer entw\u00fcrdigenden Darstellung zeigen, werden f\u00fcr Zwecke der Vereins-Berichterstattung gespeichert und gegebenenfalls auch in Vereinsmedien und auf diversen allgemeinen sozialen Medien (Homepage, Facebook, etc) ver\u00f6ffentlicht bzw. innerhalb der Pfadfinderorganisation weitergegeben. Eine Nutzung f\u00fcr besondere Zwecke (Folder, Plakat, Homepage-Titelbild,..) erfolgt nur nach ausdr\u00fccklicher Zustimmung.<\/p><h2><span style=\"color: #000000;\">Betroffenenrechte<\/span><\/h2><p style=\"padding-left: 40px;\"><span style=\"color: #333333;\">Sie k\u00f6nnen unter der o.a. Adresse, unter Nachweis Ihrer Identit\u00e4t, Auskunft \u00fcber die zu Ihrer Person gespeicherten Daten verlangen. Dar\u00fcber hinaus k\u00f6nnen Sie die Berichtigung oder unter bestimmten Voraussetzungen die L\u00f6schung ihrer Daten verlangen.<\/span><\/p><h2><span style=\"color: #000000;\">Beschwerderecht<\/span><\/h2><p style=\"padding-left: 40px;\"><span style=\"color: #333333;\">Bei Fragen zur Verarbeitung ihrer personenbezogenen Daten k\u00f6nnen Sie sich an den Verantwortliche<\/span>n unseres Vereins wenden.<br \/><span style=\"color: #333333;\">Daneben haben Sie das Recht auf Beschwerde bei einer Datenschutzaufsichtsbeh\u00f6rde. Die f\u00fcr uns zust\u00e4ndige Datenschutzaufsichtsbeh\u00f6rde ist:<\/span><\/p><p style=\"padding-left: 40px;\"><span style=\"color: #333333;\"><b>\u00d6sterreichische Datenschutzbeh\u00f6rde<\/b><\/span><br \/><span style=\"color: #333333;\">Wickenburggasse 8<\/span><br \/><span style=\"color: #333333;\">1080 Wien<\/span><br \/><span style=\"color: #333333;\">Telefon: +43 1 52 152-0<\/span><br \/><span style=\"color: #333333;\">E-Mail: <i>dsb@dsb.gv.at<\/i><\/span><\/p>\t\t\t\t\t\t<\/div>\n\t\t\t\t<\/div>\n\t\t\t\t\t<\/div>\n\t\t<\/div>\n\t\t\t\t\t<\/div>\n\t\t<\/section>\n\t\t\t\t<\/div>\n\t\t","protected":false},"excerpt":{"rendered":"<p>Information zur Verwendung Ihrer Daten Hiermit informieren wir Sie \u00fcber die Verarbeitung Ihrer personenbezogenen Daten durch die Pfadfinder und Pfadfinderinnen und die Ihnen nach dem Datenschutzrecht zustehenden Rechte. Verantwortlicher f\u00fcr die Datenverarbeitung Gruppe 41 &#8222;St. Karl&#8220; der Wiener Pfadfinder und Pfadfinderinnen (Pfadfindergruppe Wien 41 &#8222;St. Karl&#8220;)1040 Wien, Kreuzherrengasse 1Tel. +43-1-5043323E-Mail: pfadfindergr.41\u00a0 \u00a0 \u00a0@\u00a0 \u00a0 \u00a0aon.at\u00a0 [&hellip;]<\/p>\n","protected":false},"author":1,"featured_media":0,"parent":0,"menu_order":0,"comment_status":"closed","ping_status":"closed","template":"","meta":{"footnotes":""},"class_list":["post-1328","page","type-page","status-publish","hentry","entry"],"_links":{"self":[{"href":"https:\/\/www.scout41.eu\/hp\/index.php?rest_route=\/wp\/v2\/pages\/1328","targetHints":{"allow":["GET"]}}],"collection":[{"href":"https:\/\/www.scout41.eu\/hp\/index.php?rest_route=\/wp\/v2\/pages"}],"about":[{"href":"https:\/\/www.scout41.eu\/hp\/index.php?rest_route=\/wp\/v2\/types\/page"}],"author":[{"embeddable":true,"href":"https:\/\/www.scout41.eu\/hp\/index.php?rest_route=\/wp\/v2\/users\/1"}],"replies":[{"embeddable":true,"href":"https:\/\/www.scout41.eu\/hp\/index.php?rest_route=%2Fwp%2Fv2%2Fcomments&post=1328"}],"version-history":[{"count":8,"href":"https:\/\/www.scout41.eu\/hp\/index.php?rest_route=\/wp\/v2\/pages\/1328\/revisions"}],"predecessor-version":[{"id":1534,"href":"https:\/\/www.scout41.eu\/hp\/index.php?rest_route=\/wp\/v2\/pages\/1328\/revisions\/1534"}],"wp:attachment":[{"href":"https:\/\/www.scout41.eu\/hp\/index.php?rest_route=%2Fwp%2Fv2%2Fmedia&parent=1328"}],"curies":[{"name":"wp","href":"https:\/\/api.w.org\/{rel}","templated":true}]}}